{"id":1172,"date":"2018-05-15T15:40:41","date_gmt":"2018-05-15T13:40:41","guid":{"rendered":"https:\/\/www.beach-originals.com\/accueil\/"},"modified":"2025-12-29T17:41:05","modified_gmt":"2025-12-29T16:41:05","slug":"home","status":"publish","type":"page","link":"https:\/\/www.beach-originals.com\/en\/","title":{"rendered":"Home"},"content":{"rendered":"<div class=\"wpb-content-wrapper\"><p>[vc_row][vc_column][vc_column_text css=&#8221;&#8221;]<\/p>\r\n\r\n<h2 class=\"wp-block-heading\">FREE DELIVERY OVER 50,00\u20ac PURCHASE<\/h2>\r\n<p>&nbsp;<\/p>\r\n\r\n<p>&nbsp;<\/p>\r\n<p>[\/vc_column_text][\/vc_column][\/vc_row]<\/p><\/div>","protected":false},"excerpt":{"rendered":"<p>[vc_row][vc_column][vc_column_text css=&#8221;&#8221;] FREE DELIVERY OVER 50,00\u20ac PURCHASE &nbsp; &nbsp; [\/vc_column_text][\/vc_column][\/vc_row]<\/p>\n","protected":false},"author":3,"featured_media":7976,"parent":0,"menu_order":0,"comment_status":"closed","ping_status":"closed","template":"","meta":{"_acf_changed":false,"_themeisle_gutenberg_block_has_review":false,"footnotes":""},"class_list":["post-1172","page","type-page","status-publish","has-post-thumbnail","hentry"],"acf":[],"yoast_head":"<!-- This site is optimized with the Yoast SEO plugin v27.2 - https:\/\/yoast.com\/product\/yoast-seo-wordpress\/ -->\n<title>Trendy flip flops for men and women, colorful and original - Beach Originals<\/title>\n<meta name=\"description\" content=\"Shop the iconic Beach Originals, trendy flip flops for men and women at our online store. FREE SHIPPING on 3 pairs for EU\/UK and CH orders\" \/>\n<meta name=\"robots\" content=\"index, follow, max-snippet:-1, max-image-preview:large, max-video-preview:-1\" \/>\n<link rel=\"canonical\" href=\"https:\/\/www.beach-originals.com\/en\/\" \/>\n<meta property=\"og:locale\" content=\"en_US\" \/>\n<meta property=\"og:type\" content=\"article\" \/>\n<meta property=\"og:title\" content=\"Trendy flip flops for men and women, colorful and original - Beach Originals\" \/>\n<meta property=\"og:description\" content=\"Shop the iconic Beach Originals, trendy flip flops for men and women at our online store. FREE SHIPPING on 3 pairs for EU\/UK and CH orders\" \/>\n<meta property=\"og:url\" content=\"https:\/\/www.beach-originals.com\/en\/\" \/>\n<meta property=\"og:site_name\" content=\"Beach Originals\" \/>\n<meta property=\"article:publisher\" content=\"https:\/\/www.facebook.com\/beachoriginal\/\" \/>\n<meta property=\"article:modified_time\" content=\"2025-12-29T16:41:05+00:00\" \/>\n<meta property=\"og:image\" content=\"https:\/\/www.beach-originals.com\/wp-content\/uploads\/2021\/12\/Diapositive03-2.jpg\" \/>\n\t<meta property=\"og:image:width\" content=\"720\" \/>\n\t<meta property=\"og:image:height\" content=\"540\" \/>\n\t<meta property=\"og:image:type\" content=\"image\/jpeg\" \/>\n<meta name=\"twitter:card\" content=\"summary_large_image\" \/>\n<meta name=\"twitter:site\" content=\"@OriginalsBeach\" \/>\n<meta name=\"twitter:label1\" content=\"Est. reading time\" \/>\n\t<meta name=\"twitter:data1\" content=\"1 minute\" \/>\n<script type=\"application\/ld+json\" class=\"yoast-schema-graph\">{\"@context\":\"https:\/\/schema.org\",\"@graph\":[{\"@type\":\"WebPage\",\"@id\":\"https:\/\/www.beach-originals.com\/en\/\",\"url\":\"https:\/\/www.beach-originals.com\/en\/\",\"name\":\"Trendy flip flops for men and women, colorful and original - Beach Originals\",\"isPartOf\":{\"@id\":\"https:\/\/www.beach-originals.com\/#website\"},\"primaryImageOfPage\":{\"@id\":\"https:\/\/www.beach-originals.com\/en\/#primaryimage\"},\"image\":{\"@id\":\"https:\/\/www.beach-originals.com\/en\/#primaryimage\"},\"thumbnailUrl\":\"https:\/\/www.beach-originals.com\/wp-content\/uploads\/2021\/12\/Diapositive03-2.jpg\",\"datePublished\":\"2018-05-15T13:40:41+00:00\",\"dateModified\":\"2025-12-29T16:41:05+00:00\",\"description\":\"Shop the iconic Beach Originals, trendy flip flops for men and women at our online store. FREE SHIPPING on 3 pairs for EU\/UK and CH orders\",\"breadcrumb\":{\"@id\":\"https:\/\/www.beach-originals.com\/en\/#breadcrumb\"},\"inLanguage\":\"en-US\",\"potentialAction\":[{\"@type\":\"ReadAction\",\"target\":[\"https:\/\/www.beach-originals.com\/en\/\"]}]},{\"@type\":\"ImageObject\",\"inLanguage\":\"en-US\",\"@id\":\"https:\/\/www.beach-originals.com\/en\/#primaryimage\",\"url\":\"https:\/\/www.beach-originals.com\/wp-content\/uploads\/2021\/12\/Diapositive03-2.jpg\",\"contentUrl\":\"https:\/\/www.beach-originals.com\/wp-content\/uploads\/2021\/12\/Diapositive03-2.jpg\",\"width\":720,\"height\":540},{\"@type\":\"BreadcrumbList\",\"@id\":\"https:\/\/www.beach-originals.com\/en\/#breadcrumb\",\"itemListElement\":[{\"@type\":\"ListItem\",\"position\":1,\"name\":\"Home\",\"item\":\"https:\/\/www.beach-originals.com\/en\/\"},{\"@type\":\"ListItem\",\"position\":2,\"name\":\"Home\"}]},{\"@type\":\"WebSite\",\"@id\":\"https:\/\/www.beach-originals.com\/#website\",\"url\":\"https:\/\/www.beach-originals.com\/\",\"name\":\"Beach Originals\",\"description\":\"H\u00e9ritage des premi\u00e8res tongs en caoutchouc naturel apparues en Californie \u00e0 la fin des ann\u00e9es 50.\",\"publisher\":{\"@id\":\"https:\/\/www.beach-originals.com\/#organization\"},\"potentialAction\":[{\"@type\":\"SearchAction\",\"target\":{\"@type\":\"EntryPoint\",\"urlTemplate\":\"https:\/\/www.beach-originals.com\/?s={search_term_string}\"},\"query-input\":{\"@type\":\"PropertyValueSpecification\",\"valueRequired\":true,\"valueName\":\"search_term_string\"}}],\"inLanguage\":\"en-US\"},{\"@type\":\"Organization\",\"@id\":\"https:\/\/www.beach-originals.com\/#organization\",\"name\":\"BEACH ORIGINALS\",\"url\":\"https:\/\/www.beach-originals.com\/\",\"logo\":{\"@type\":\"ImageObject\",\"inLanguage\":\"en-US\",\"@id\":\"https:\/\/www.beach-originals.com\/#\/schema\/logo\/image\/\",\"url\":\"https:\/\/www.beach-originals.com\/wp-content\/uploads\/2021\/01\/Logo-BO-transparent-version-2-Bateau-blanc-3.png\",\"contentUrl\":\"https:\/\/www.beach-originals.com\/wp-content\/uploads\/2021\/01\/Logo-BO-transparent-version-2-Bateau-blanc-3.png\",\"width\":1800,\"height\":1350,\"caption\":\"BEACH ORIGINALS\"},\"image\":{\"@id\":\"https:\/\/www.beach-originals.com\/#\/schema\/logo\/image\/\"},\"sameAs\":[\"https:\/\/www.facebook.com\/beachoriginal\/\",\"https:\/\/x.com\/OriginalsBeach\",\"https:\/\/www.instagram.com\/beach.originals\/?hl=fr\"]}]}<\/script>\n<!-- \/ Yoast SEO plugin. -->","yoast_head_json":{"title":"Trendy flip flops for men and women, colorful and original - Beach Originals","description":"Shop the iconic Beach Originals, trendy flip flops for men and women at our online store. FREE SHIPPING on 3 pairs for EU\/UK and CH orders","robots":{"index":"index","follow":"follow","max-snippet":"max-snippet:-1","max-image-preview":"max-image-preview:large","max-video-preview":"max-video-preview:-1"},"canonical":"https:\/\/www.beach-originals.com\/en\/","og_locale":"en_US","og_type":"article","og_title":"Trendy flip flops for men and women, colorful and original - Beach Originals","og_description":"Shop the iconic Beach Originals, trendy flip flops for men and women at our online store. FREE SHIPPING on 3 pairs for EU\/UK and CH orders","og_url":"https:\/\/www.beach-originals.com\/en\/","og_site_name":"Beach Originals","article_publisher":"https:\/\/www.facebook.com\/beachoriginal\/","article_modified_time":"2025-12-29T16:41:05+00:00","og_image":[{"width":720,"height":540,"url":"https:\/\/www.beach-originals.com\/wp-content\/uploads\/2021\/12\/Diapositive03-2.jpg","type":"image\/jpeg"}],"twitter_card":"summary_large_image","twitter_site":"@OriginalsBeach","twitter_misc":{"Est. reading time":"1 minute"},"schema":{"@context":"https:\/\/schema.org","@graph":[{"@type":"WebPage","@id":"https:\/\/www.beach-originals.com\/en\/","url":"https:\/\/www.beach-originals.com\/en\/","name":"Trendy flip flops for men and women, colorful and original - Beach Originals","isPartOf":{"@id":"https:\/\/www.beach-originals.com\/#website"},"primaryImageOfPage":{"@id":"https:\/\/www.beach-originals.com\/en\/#primaryimage"},"image":{"@id":"https:\/\/www.beach-originals.com\/en\/#primaryimage"},"thumbnailUrl":"https:\/\/www.beach-originals.com\/wp-content\/uploads\/2021\/12\/Diapositive03-2.jpg","datePublished":"2018-05-15T13:40:41+00:00","dateModified":"2025-12-29T16:41:05+00:00","description":"Shop the iconic Beach Originals, trendy flip flops for men and women at our online store. FREE SHIPPING on 3 pairs for EU\/UK and CH orders","breadcrumb":{"@id":"https:\/\/www.beach-originals.com\/en\/#breadcrumb"},"inLanguage":"en-US","potentialAction":[{"@type":"ReadAction","target":["https:\/\/www.beach-originals.com\/en\/"]}]},{"@type":"ImageObject","inLanguage":"en-US","@id":"https:\/\/www.beach-originals.com\/en\/#primaryimage","url":"https:\/\/www.beach-originals.com\/wp-content\/uploads\/2021\/12\/Diapositive03-2.jpg","contentUrl":"https:\/\/www.beach-originals.com\/wp-content\/uploads\/2021\/12\/Diapositive03-2.jpg","width":720,"height":540},{"@type":"BreadcrumbList","@id":"https:\/\/www.beach-originals.com\/en\/#breadcrumb","itemListElement":[{"@type":"ListItem","position":1,"name":"Home","item":"https:\/\/www.beach-originals.com\/en\/"},{"@type":"ListItem","position":2,"name":"Home"}]},{"@type":"WebSite","@id":"https:\/\/www.beach-originals.com\/#website","url":"https:\/\/www.beach-originals.com\/","name":"Beach Originals","description":"H\u00e9ritage des premi\u00e8res tongs en caoutchouc naturel apparues en Californie \u00e0 la fin des ann\u00e9es 50.","publisher":{"@id":"https:\/\/www.beach-originals.com\/#organization"},"potentialAction":[{"@type":"SearchAction","target":{"@type":"EntryPoint","urlTemplate":"https:\/\/www.beach-originals.com\/?s={search_term_string}"},"query-input":{"@type":"PropertyValueSpecification","valueRequired":true,"valueName":"search_term_string"}}],"inLanguage":"en-US"},{"@type":"Organization","@id":"https:\/\/www.beach-originals.com\/#organization","name":"BEACH ORIGINALS","url":"https:\/\/www.beach-originals.com\/","logo":{"@type":"ImageObject","inLanguage":"en-US","@id":"https:\/\/www.beach-originals.com\/#\/schema\/logo\/image\/","url":"https:\/\/www.beach-originals.com\/wp-content\/uploads\/2021\/01\/Logo-BO-transparent-version-2-Bateau-blanc-3.png","contentUrl":"https:\/\/www.beach-originals.com\/wp-content\/uploads\/2021\/01\/Logo-BO-transparent-version-2-Bateau-blanc-3.png","width":1800,"height":1350,"caption":"BEACH ORIGINALS"},"image":{"@id":"https:\/\/www.beach-originals.com\/#\/schema\/logo\/image\/"},"sameAs":["https:\/\/www.facebook.com\/beachoriginal\/","https:\/\/x.com\/OriginalsBeach","https:\/\/www.instagram.com\/beach.originals\/?hl=fr"]}]}},"_links":{"self":[{"href":"https:\/\/www.beach-originals.com\/en\/wp-json\/wp\/v2\/pages\/1172","targetHints":{"allow":["GET"]}}],"collection":[{"href":"https:\/\/www.beach-originals.com\/en\/wp-json\/wp\/v2\/pages"}],"about":[{"href":"https:\/\/www.beach-originals.com\/en\/wp-json\/wp\/v2\/types\/page"}],"author":[{"embeddable":true,"href":"https:\/\/www.beach-originals.com\/en\/wp-json\/wp\/v2\/users\/3"}],"replies":[{"embeddable":true,"href":"https:\/\/www.beach-originals.com\/en\/wp-json\/wp\/v2\/comments?post=1172"}],"version-history":[{"count":114,"href":"https:\/\/www.beach-originals.com\/en\/wp-json\/wp\/v2\/pages\/1172\/revisions"}],"predecessor-version":[{"id":21344,"href":"https:\/\/www.beach-originals.com\/en\/wp-json\/wp\/v2\/pages\/1172\/revisions\/21344"}],"wp:featuredmedia":[{"embeddable":true,"href":"https:\/\/www.beach-originals.com\/en\/wp-json\/wp\/v2\/media\/7976"}],"wp:attachment":[{"href":"https:\/\/www.beach-originals.com\/en\/wp-json\/wp\/v2\/media?parent=1172"}],"curies":[{"name":"wp","href":"https:\/\/api.w.org\/{rel}","templated":true}]}}