{"id":1175,"date":"2018-05-29T12:26:35","date_gmt":"2018-05-29T10:26:35","guid":{"rendered":"https:\/\/www.beach-originals.com\/histoire\/"},"modified":"2025-08-02T11:50:44","modified_gmt":"2025-08-02T09:50:44","slug":"story-of-heritage","status":"publish","type":"page","link":"https:\/\/www.beach-originals.com\/en\/story-of-heritage\/","title":{"rendered":"History"},"content":{"rendered":"<div class=\"wpb-content-wrapper\"><p>[vc_row full_height=&#8221;yes&#8221; equal_height=&#8221;yes&#8221; content_placement=&#8221;middle&#8221; css=&#8221;.vc_custom_1581532787169{margin-top: 40px !important;padding-top: 50px !important;padding-bottom: 50px !important;}&#8221;][vc_column width=&#8221;1\/2&#8243; css=&#8221;.vc_custom_1658510977108{padding-top: 20px !important;padding-right: 40px !important;padding-bottom: 40px !important;padding-left: 40px !important;background-color: #76c5d5 !important;border-radius: 20px !important;}&#8221; el_class=&#8221;vc_custom_boom1&#8243;][vc_single_image image=&#8221;5847&#8243; alignment=&#8221;center&#8221; css_animation=&#8221;slideInDown&#8221;][vc_row_inner css=&#8221;.vc_custom_1658511055303{padding-top: 10px !important;padding-right: 10px !important;padding-bottom: 10px !important;padding-left: 10px !important;background: #ffffff url(https:\/\/www.beach-originals.com\/wp-content\/uploads\/2018\/06\/peroquet-histoire.png?id=637) !important;background-position: 0 0 !important;background-repeat: no-repeat !important;border-radius: 20px !important;}&#8221; el_class=&#8221;vc_custom_boom2&#8243;][vc_column_inner css=&#8221;.vc_custom_1527780284138{background-position: 0 0 !important;background-repeat: no-repeat !important;}&#8221;][vc_column_text css_animation=&#8221;none&#8221; css=&#8221;&#8221;]<img loading=\"lazy\" decoding=\"async\" class=\"alignnone size-full wp-image-5370\" src=\"https:\/\/www.beach-originals.com\/wp-content\/uploads\/2020\/12\/1958.png\" alt=\"\" width=\"113\" height=\"53\" \/><\/p>\n<p>A summer in San Diego in 2000 : an unusual encounter between a man and a vintage flip flop\u2026<\/p>\n<p>Love at first sight for this 1958 flip flop at the origin of all the other rubber flip flops which will follow it but without being able to match.<\/p>\n<p>The original model was one color (blue strap and bicolor soles in off-white and coconut brown), with a wave pattern on the strap and a brick pattern on the sole. Six decades later, Beach Originals is born :<\/p>\n<ul>\n<li>the design of strap and sole remains identical to the original one.<\/li>\n<li>18 strap colors introduced while keeping the original blue as iconic color of the range.<\/li>\n<li>a new thinner shaped strap &amp; sole designed for women.<\/li>\n<li>a new model : &#8220;Flatform&#8221; with 2,5 cm sole height<\/li>\n<li>improved composition of sole affording greater comfort.<\/li>\n<\/ul>\n<p>Legacy of the first rubber flip flops created in California in the late 50\u2019s, Beach Originals revives this iconic model giving styles and code of that period as well as the highest level of comfort.[\/vc_column_text][\/vc_column_inner][\/vc_row_inner][vc_row_inner el_class=&#8221;titre-polaroid&#8221;][vc_column_inner css=&#8221;.vc_custom_1527781495315{padding-top: 20px !important;}&#8221;][vc_empty_space][vc_column_text css_animation=&#8221;zoomIn&#8221;]<\/p>\n<p style=\"text-align: center;\"><strong><em>A story, <\/em><\/strong><\/p>\n<p style=\"text-align: center;\"><strong><em>a mythical era, <\/em><\/strong><\/p>\n<p style=\"text-align: center;\"><strong><em>an iconic &amp; vintage style !<\/em><\/strong><\/p>\n<p>[\/vc_column_text][vc_single_image image=&#8221;5967&#8243; alignment=&#8221;center&#8221;][\/vc_column_inner][\/vc_row_inner][\/vc_column][vc_column width=&#8221;1\/2&#8243; css=&#8221;.vc_custom_1528123453733{margin-top: 130px !important;padding-right: 40px !important;padding-left: 40px !important;}&#8221;][vc_row_inner][vc_column_inner][vc_single_image image=&#8221;11541&#8243; img_size=&#8221;medium&#8221; alignment=&#8221;center&#8221; css_animation=&#8221;fadeInDownBig&#8221;][\/vc_column_inner][\/vc_row_inner][vc_column_text css_animation=&#8221;zoomIn&#8221; css=&#8221;&#8221;]<\/p>\n<h5 style=\"text-align: center;\">women and men&#8217;s models available in 18 exclusive colorways<\/h5>\n<p>[\/vc_column_text][vc_single_image image=&#8221;7870&#8243; img_size=&#8221;medium&#8221; alignment=&#8221;center&#8221; css_animation=&#8221;fadeInDownBig&#8221;][\/vc_column][\/vc_row][vc_row css=&#8221;.vc_custom_1658511360739{padding-top: 50px !important;padding-bottom: 50px !important;}&#8221;][vc_column width=&#8221;1\/2&#8243;][vc_empty_space][vc_single_image image=&#8221;11448&#8243; img_size=&#8221;medium&#8221; alignment=&#8221;center&#8221; css_animation=&#8221;fadeInLeftBig&#8221;][vc_column_text css_animation=&#8221;zoomIn&#8221;]<\/p>\n<h5 style=\"text-align: center;\">Chic, light, resistant, comfortable and machine washable !<\/h5>\n<p>[\/vc_column_text][vc_empty_space height=&#8221;64px&#8221;][vc_single_image image=&#8221;11748&#8243; img_size=&#8221;medium&#8221; alignment=&#8221;right&#8221; css_animation=&#8221;zoomIn&#8221;][\/vc_column][vc_column width=&#8221;1\/2&#8243; css=&#8221;.vc_custom_1658511353869{padding-top: 20px !important;padding-right: 40px !important;padding-bottom: 0px !important;padding-left: 40px !important;background-color: #eea9ad !important;border-radius: 20px !important;}&#8221; el_class=&#8221;vc_custom_boom3&#8243;][vc_single_image image=&#8221;5847&#8243; alignment=&#8221;center&#8221; css_animation=&#8221;slideInDown&#8221;][vc_row_inner css=&#8221;.vc_custom_1658511389763{padding-top: 10px !important;padding-right: 10px !important;padding-bottom: 10px !important;padding-left: 10px !important;background: #ffffff url(https:\/\/www.beach-originals.com\/wp-content\/uploads\/2018\/05\/aruba.png?id=471) !important;background-position: 0 0 !important;background-repeat: no-repeat !important;border-radius: 20px !important;}&#8221; el_class=&#8221;vc_custom_boom4&#8243;][vc_column_inner css=&#8221;.vc_custom_1527780284138{background-position: 0 0 !important;background-repeat: no-repeat !important;}&#8221;][vc_column_text css_animation=&#8221;none&#8221;]<\/p>\n<p style=\"text-align: left;\">Beach Originals is using a combination of RUBBER (70%) and EVA (30%) in the manufacturing of the sole for greatest comfort and durability :<\/p>\n<p>[\/vc_column_text][vc_column_text css_animation=&#8221;none&#8221;]<img loading=\"lazy\" decoding=\"async\" class=\"size-full wp-image-5374 aligncenter\" src=\"https:\/\/www.beach-originals.com\/wp-content\/uploads\/2020\/12\/resistant.png\" alt=\"\" width=\"84\" height=\"37\" \/><\/p>\n<p style=\"text-align: left;\">Soft and resistant, the rubber allows durability, thermal insolation and is water resistant.<\/p>\n<p>[\/vc_column_text][vc_column_text css_animation=&#8221;none&#8221;]<img loading=\"lazy\" decoding=\"async\" class=\"size-full wp-image-5372 aligncenter\" src=\"https:\/\/www.beach-originals.com\/wp-content\/uploads\/2020\/12\/eva.png\" alt=\"\" width=\"58\" height=\"55\" \/><\/p>\n<p style=\"text-align: left;\">Light and flexible, EVA provides softness, shock absorption and ultra lightweight feel !<\/p>\n<p>[\/vc_column_text][vc_column_text css_animation=&#8221;none&#8221; css=&#8221;&#8221;]<img loading=\"lazy\" decoding=\"async\" class=\"wp-image-1821 aligncenter\" src=\"https:\/\/www.beach-originals.com\/wp-content\/uploads\/2020\/01\/Capture-d\u2019\u00e9cran-2020-01-09-\u00e0-17.56.25-120x120.png\" alt=\"\" width=\"58\" height=\"58\" srcset=\"https:\/\/www.beach-originals.com\/wp-content\/uploads\/2020\/01\/Capture-d\u2019\u00e9cran-2020-01-09-\u00e0-17.56.25-120x120.png 120w, https:\/\/www.beach-originals.com\/wp-content\/uploads\/2020\/01\/Capture-d\u2019\u00e9cran-2020-01-09-\u00e0-17.56.25-140x140.png 140w, https:\/\/www.beach-originals.com\/wp-content\/uploads\/2020\/01\/Capture-d\u2019\u00e9cran-2020-01-09-\u00e0-17.56.25-300x300.png 300w, https:\/\/www.beach-originals.com\/wp-content\/uploads\/2020\/01\/Capture-d\u2019\u00e9cran-2020-01-09-\u00e0-17.56.25-100x100.png 100w, https:\/\/www.beach-originals.com\/wp-content\/uploads\/2020\/01\/Capture-d\u2019\u00e9cran-2020-01-09-\u00e0-17.56.25.png 441w\" sizes=\"auto, (max-width: 58px) 100vw, 58px\" \/><\/p>\n<p style=\"text-align: left;\">The materials used in the manufacturing of the Beach Originals flip flops straps are recyclable.<\/p>\n<p>[\/vc_column_text][\/vc_column_inner][\/vc_row_inner][vc_row_inner el_class=&#8221;titre-polaroid&#8221;][vc_column_inner css=&#8221;.vc_custom_1527781495315{padding-top: 20px !important;}&#8221;][vc_empty_space][vc_column_text css_animation=&#8221;zoomIn&#8221;]<\/p>\n<p style=\"text-align: center;\"><strong><em>The right materials,<\/em><\/strong><\/p>\n<p style=\"text-align: center;\"><strong><em>and<\/em><\/strong><\/p>\n<p style=\"text-align: center;\"><strong><em>the right combination<\/em><\/strong><strong><em>&#8230;<\/em><\/strong><\/p>\n<p>[\/vc_column_text][vc_single_image image=&#8221;5967&#8243; alignment=&#8221;center&#8221;][\/vc_column_inner][\/vc_row_inner][\/vc_column][\/vc_row][vc_row equal_height=&#8221;yes&#8221; css=&#8221;.vc_custom_1581533231801{padding-top: 50px !important;padding-bottom: 50px !important;}&#8221;][vc_column width=&#8221;1\/2&#8243; css=&#8221;.vc_custom_1658511476128{padding-top: 20px !important;padding-right: 40px !important;padding-bottom: 0px !important;padding-left: 40px !important;background-color: #fbd873 !important;border-radius: 20px !important;}&#8221; el_class=&#8221;vc_custom_boom5&#8243;][vc_single_image image=&#8221;5847&#8243; alignment=&#8221;center&#8221; css_animation=&#8221;slideInDown&#8221;][vc_row_inner css=&#8221;.vc_custom_1658511484176{padding-top: 10px !important;padding-right: 10px !important;padding-bottom: 10px !important;padding-left: 10px !important;background-color: #ffffff !important;background-position: 0 0 !important;background-repeat: no-repeat !important;border-radius: 20px !important;}&#8221; el_class=&#8221;vc_custom_boom6&#8243;][vc_column_inner css=&#8221;.vc_custom_1527780284138{background-position: 0 0 !important;background-repeat: no-repeat !important;}&#8221;][vc_column_text css_animation=&#8221;none&#8221;]Inspired by more than 60 years of outerwear heritage&#8230;<\/p>\n<p>The wave pattern on the strap and the brick pattern on the sole are directly inspired from the design of the first flip flop dating back to the late 50\u2019s.<\/p>\n<p>Combined with the vintage colors of the strap and the bicolor sole, it gives the Beach Originals a retro, elegant and stylish sandal, distinctive features &amp; ADN of the brand.<\/p>\n<p>More than a flip-flop, Beach Originals is the major fashion accessory for your summer time. To be worn night and day in all circumstances ![\/vc_column_text][\/vc_column_inner][\/vc_row_inner][vc_row_inner el_class=&#8221;titre-polaroid&#8221;][vc_column_inner css=&#8221;.vc_custom_1527781503074{padding-top: 20px !important;}&#8221;][vc_empty_space][vc_column_text css_animation=&#8221;zoomIn&#8221;]<\/p>\n<p style=\"text-align: center;\"><strong><em>The design and colors<\/em><\/strong><\/p>\n<p style=\"text-align: center;\"><em><strong>of 1958&#8230;<\/strong><\/em><\/p>\n<p>[\/vc_column_text][vc_single_image image=&#8221;5967&#8243; alignment=&#8221;center&#8221;][\/vc_column_inner][\/vc_row_inner][\/vc_column][vc_column width=&#8221;1\/2&#8243;][vc_row_inner][vc_column_inner][vc_single_image image=&#8221;18091&#8243; img_size=&#8221;medium&#8221; alignment=&#8221;center&#8221; css_animation=&#8221;fadeInDownBig&#8221; css=&#8221;.vc_custom_1740329700432{margin-top: 75px !important;margin-bottom: 0px !important;}&#8221;][vc_empty_space][vc_column_text css_animation=&#8221;zoomIn&#8221;]<\/p>\n<h5 style=\"text-align: center;\">Timeless design and colors truly inspired from the first Californian model of 1958&#8230;<\/h5>\n<p>[\/vc_column_text][\/vc_column_inner][\/vc_row_inner][vc_single_image image=&#8221;7948&#8243; img_size=&#8221;medium&#8221; alignment=&#8221;right&#8221; css_animation=&#8221;zoomIn&#8221;][\/vc_column][\/vc_row][vc_row][vc_column][vc_column_text css_animation=&#8221;zoomIn&#8221;]<\/p>\n<h1 style=\"text-align: center;\"><strong>SHARE THE PASSION OF A LEGEND WITH BEACH ORIGINALS&#8230;<\/strong><\/h1>\n<p>[\/vc_column_text][\/vc_column][\/vc_row][vc_row][vc_column][vc_single_image image=&#8221;11633&#8243; img_size=&#8221;medium&#8221; alignment=&#8221;center&#8221; css_animation=&#8221;zoomIn&#8221;][\/vc_column][\/vc_row][vc_row][vc_column][vc_single_image image=&#8221;5874&#8243; img_size=&#8221;medium&#8221; alignment=&#8221;center&#8221; css_animation=&#8221;fadeInUp&#8221;][\/vc_column][\/vc_row]<\/p>\n<\/div>","protected":false},"excerpt":{"rendered":"<p>[vc_row full_height=&#8221;yes&#8221; equal_height=&#8221;yes&#8221; content_placement=&#8221;middle&#8221; css=&#8221;.vc_custom_1581532787169{margin-top: 40px !important;padding-top: 50px !important;padding-bottom: 50px !important;}&#8221;][vc_column width=&#8221;1\/2&#8243; css=&#8221;.vc_custom_1658510977108{padding-top: 20px !important;padding-right: 40px !important;padding-bottom: 40px !important;padding-left: 40px !important;background-color: #76c5d5 !important;border-radius: 20px !important;}&#8221; el_class=&#8221;vc_custom_boom1&#8243;][vc_single_image image=&#8221;5847&#8243; alignment=&#8221;center&#8221; css_animation=&#8221;slideInDown&#8221;][vc_row_inner css=&#8221;.vc_custom_1658511055303{padding-top: 10px !important;padding-right: 10px !important;padding-bottom: 10px !important;padding-left: 10px !important;background: #ffffff url(https:\/\/www.beach-originals.com\/wp-content\/uploads\/2018\/06\/peroquet-histoire.png?id=637) !important;background-position: 0 0 !important;background-repeat: no-repeat !important;border-radius: 20px !important;}&#8221; el_class=&#8221;vc_custom_boom2&#8243;][vc_column_inner css=&#8221;.vc_custom_1527780284138{background-position: 0 0 !important;background-repeat: no-repeat !important;}&#8221;][vc_column_text [&hellip;]<\/p>\n","protected":false},"author":3,"featured_media":0,"parent":0,"menu_order":0,"comment_status":"closed","ping_status":"closed","template":"","meta":{"_acf_changed":false,"_themeisle_gutenberg_block_has_review":false,"footnotes":""},"class_list":["post-1175","page","type-page","status-publish","hentry"],"acf":[],"yoast_head":"<!-- This site is optimized with the Yoast SEO plugin v27.2 - https:\/\/yoast.com\/product\/yoast-seo-wordpress\/ -->\n<title>Story of Beach Originals, legacy of the first flip flops created in California<\/title>\n<meta name=\"description\" content=\"Discover the story of Beach Originals, the iconic flips flops, legacy of the first natural rubber flip flops born in California in 1958.\" \/>\n<meta name=\"robots\" content=\"index, follow, max-snippet:-1, max-image-preview:large, max-video-preview:-1\" \/>\n<link rel=\"canonical\" href=\"https:\/\/www.beach-originals.com\/en\/story-of-heritage\/\" \/>\n<meta property=\"og:locale\" content=\"en_US\" \/>\n<meta property=\"og:type\" content=\"article\" \/>\n<meta property=\"og:title\" content=\"Story of Beach Originals, legacy of the first flip flops created in California\" \/>\n<meta property=\"og:description\" content=\"Discover the story of Beach Originals, the iconic flips flops, legacy of the first natural rubber flip flops born in California in 1958.\" \/>\n<meta property=\"og:url\" content=\"https:\/\/www.beach-originals.com\/en\/story-of-heritage\/\" \/>\n<meta property=\"og:site_name\" content=\"Beach Originals\" \/>\n<meta property=\"article:publisher\" content=\"https:\/\/www.facebook.com\/beachoriginal\/\" \/>\n<meta property=\"article:modified_time\" content=\"2025-08-02T09:50:44+00:00\" \/>\n<meta property=\"og:image\" content=\"https:\/\/www.beach-originals.com\/wp-content\/uploads\/2020\/12\/1958.png\" \/>\n<meta name=\"twitter:card\" content=\"summary_large_image\" \/>\n<meta name=\"twitter:site\" content=\"@OriginalsBeach\" \/>\n<meta name=\"twitter:label1\" content=\"Est. reading time\" \/>\n\t<meta name=\"twitter:data1\" content=\"7 minutes\" \/>\n<script type=\"application\/ld+json\" class=\"yoast-schema-graph\">{\"@context\":\"https:\/\/schema.org\",\"@graph\":[{\"@type\":\"WebPage\",\"@id\":\"https:\/\/www.beach-originals.com\/en\/story-of-heritage\/\",\"url\":\"https:\/\/www.beach-originals.com\/en\/story-of-heritage\/\",\"name\":\"Story of Beach Originals, legacy of the first flip flops created in California\",\"isPartOf\":{\"@id\":\"https:\/\/www.beach-originals.com\/#website\"},\"primaryImageOfPage\":{\"@id\":\"https:\/\/www.beach-originals.com\/en\/story-of-heritage\/#primaryimage\"},\"image\":{\"@id\":\"https:\/\/www.beach-originals.com\/en\/story-of-heritage\/#primaryimage\"},\"thumbnailUrl\":\"https:\/\/www.beach-originals.com\/wp-content\/uploads\/2020\/12\/1958.png\",\"datePublished\":\"2018-05-29T10:26:35+00:00\",\"dateModified\":\"2025-08-02T09:50:44+00:00\",\"description\":\"Discover the story of Beach Originals, the iconic flips flops, legacy of the first natural rubber flip flops born in California in 1958.\",\"breadcrumb\":{\"@id\":\"https:\/\/www.beach-originals.com\/en\/story-of-heritage\/#breadcrumb\"},\"inLanguage\":\"en-US\",\"potentialAction\":[{\"@type\":\"ReadAction\",\"target\":[\"https:\/\/www.beach-originals.com\/en\/story-of-heritage\/\"]}]},{\"@type\":\"ImageObject\",\"inLanguage\":\"en-US\",\"@id\":\"https:\/\/www.beach-originals.com\/en\/story-of-heritage\/#primaryimage\",\"url\":\"https:\/\/www.beach-originals.com\/wp-content\/uploads\/2020\/12\/1958.png\",\"contentUrl\":\"https:\/\/www.beach-originals.com\/wp-content\/uploads\/2020\/12\/1958.png\"},{\"@type\":\"BreadcrumbList\",\"@id\":\"https:\/\/www.beach-originals.com\/en\/story-of-heritage\/#breadcrumb\",\"itemListElement\":[{\"@type\":\"ListItem\",\"position\":1,\"name\":\"Home\",\"item\":\"https:\/\/www.beach-originals.com\/en\/\"},{\"@type\":\"ListItem\",\"position\":2,\"name\":\"History\"}]},{\"@type\":\"WebSite\",\"@id\":\"https:\/\/www.beach-originals.com\/#website\",\"url\":\"https:\/\/www.beach-originals.com\/\",\"name\":\"Beach Originals\",\"description\":\"H\u00e9ritage des premi\u00e8res tongs en caoutchouc naturel apparues en Californie \u00e0 la fin des ann\u00e9es 50.\",\"publisher\":{\"@id\":\"https:\/\/www.beach-originals.com\/#organization\"},\"potentialAction\":[{\"@type\":\"SearchAction\",\"target\":{\"@type\":\"EntryPoint\",\"urlTemplate\":\"https:\/\/www.beach-originals.com\/?s={search_term_string}\"},\"query-input\":{\"@type\":\"PropertyValueSpecification\",\"valueRequired\":true,\"valueName\":\"search_term_string\"}}],\"inLanguage\":\"en-US\"},{\"@type\":\"Organization\",\"@id\":\"https:\/\/www.beach-originals.com\/#organization\",\"name\":\"BEACH ORIGINALS\",\"url\":\"https:\/\/www.beach-originals.com\/\",\"logo\":{\"@type\":\"ImageObject\",\"inLanguage\":\"en-US\",\"@id\":\"https:\/\/www.beach-originals.com\/#\/schema\/logo\/image\/\",\"url\":\"https:\/\/www.beach-originals.com\/wp-content\/uploads\/2021\/01\/Logo-BO-transparent-version-2-Bateau-blanc-3.png\",\"contentUrl\":\"https:\/\/www.beach-originals.com\/wp-content\/uploads\/2021\/01\/Logo-BO-transparent-version-2-Bateau-blanc-3.png\",\"width\":1800,\"height\":1350,\"caption\":\"BEACH ORIGINALS\"},\"image\":{\"@id\":\"https:\/\/www.beach-originals.com\/#\/schema\/logo\/image\/\"},\"sameAs\":[\"https:\/\/www.facebook.com\/beachoriginal\/\",\"https:\/\/x.com\/OriginalsBeach\",\"https:\/\/www.instagram.com\/beach.originals\/?hl=fr\"]}]}<\/script>\n<!-- \/ Yoast SEO plugin. -->","yoast_head_json":{"title":"Story of Beach Originals, legacy of the first flip flops created in California","description":"Discover the story of Beach Originals, the iconic flips flops, legacy of the first natural rubber flip flops born in California in 1958.","robots":{"index":"index","follow":"follow","max-snippet":"max-snippet:-1","max-image-preview":"max-image-preview:large","max-video-preview":"max-video-preview:-1"},"canonical":"https:\/\/www.beach-originals.com\/en\/story-of-heritage\/","og_locale":"en_US","og_type":"article","og_title":"Story of Beach Originals, legacy of the first flip flops created in California","og_description":"Discover the story of Beach Originals, the iconic flips flops, legacy of the first natural rubber flip flops born in California in 1958.","og_url":"https:\/\/www.beach-originals.com\/en\/story-of-heritage\/","og_site_name":"Beach Originals","article_publisher":"https:\/\/www.facebook.com\/beachoriginal\/","article_modified_time":"2025-08-02T09:50:44+00:00","og_image":[{"url":"https:\/\/www.beach-originals.com\/wp-content\/uploads\/2020\/12\/1958.png","type":"","width":"","height":""}],"twitter_card":"summary_large_image","twitter_site":"@OriginalsBeach","twitter_misc":{"Est. reading time":"7 minutes"},"schema":{"@context":"https:\/\/schema.org","@graph":[{"@type":"WebPage","@id":"https:\/\/www.beach-originals.com\/en\/story-of-heritage\/","url":"https:\/\/www.beach-originals.com\/en\/story-of-heritage\/","name":"Story of Beach Originals, legacy of the first flip flops created in California","isPartOf":{"@id":"https:\/\/www.beach-originals.com\/#website"},"primaryImageOfPage":{"@id":"https:\/\/www.beach-originals.com\/en\/story-of-heritage\/#primaryimage"},"image":{"@id":"https:\/\/www.beach-originals.com\/en\/story-of-heritage\/#primaryimage"},"thumbnailUrl":"https:\/\/www.beach-originals.com\/wp-content\/uploads\/2020\/12\/1958.png","datePublished":"2018-05-29T10:26:35+00:00","dateModified":"2025-08-02T09:50:44+00:00","description":"Discover the story of Beach Originals, the iconic flips flops, legacy of the first natural rubber flip flops born in California in 1958.","breadcrumb":{"@id":"https:\/\/www.beach-originals.com\/en\/story-of-heritage\/#breadcrumb"},"inLanguage":"en-US","potentialAction":[{"@type":"ReadAction","target":["https:\/\/www.beach-originals.com\/en\/story-of-heritage\/"]}]},{"@type":"ImageObject","inLanguage":"en-US","@id":"https:\/\/www.beach-originals.com\/en\/story-of-heritage\/#primaryimage","url":"https:\/\/www.beach-originals.com\/wp-content\/uploads\/2020\/12\/1958.png","contentUrl":"https:\/\/www.beach-originals.com\/wp-content\/uploads\/2020\/12\/1958.png"},{"@type":"BreadcrumbList","@id":"https:\/\/www.beach-originals.com\/en\/story-of-heritage\/#breadcrumb","itemListElement":[{"@type":"ListItem","position":1,"name":"Home","item":"https:\/\/www.beach-originals.com\/en\/"},{"@type":"ListItem","position":2,"name":"History"}]},{"@type":"WebSite","@id":"https:\/\/www.beach-originals.com\/#website","url":"https:\/\/www.beach-originals.com\/","name":"Beach Originals","description":"H\u00e9ritage des premi\u00e8res tongs en caoutchouc naturel apparues en Californie \u00e0 la fin des ann\u00e9es 50.","publisher":{"@id":"https:\/\/www.beach-originals.com\/#organization"},"potentialAction":[{"@type":"SearchAction","target":{"@type":"EntryPoint","urlTemplate":"https:\/\/www.beach-originals.com\/?s={search_term_string}"},"query-input":{"@type":"PropertyValueSpecification","valueRequired":true,"valueName":"search_term_string"}}],"inLanguage":"en-US"},{"@type":"Organization","@id":"https:\/\/www.beach-originals.com\/#organization","name":"BEACH ORIGINALS","url":"https:\/\/www.beach-originals.com\/","logo":{"@type":"ImageObject","inLanguage":"en-US","@id":"https:\/\/www.beach-originals.com\/#\/schema\/logo\/image\/","url":"https:\/\/www.beach-originals.com\/wp-content\/uploads\/2021\/01\/Logo-BO-transparent-version-2-Bateau-blanc-3.png","contentUrl":"https:\/\/www.beach-originals.com\/wp-content\/uploads\/2021\/01\/Logo-BO-transparent-version-2-Bateau-blanc-3.png","width":1800,"height":1350,"caption":"BEACH ORIGINALS"},"image":{"@id":"https:\/\/www.beach-originals.com\/#\/schema\/logo\/image\/"},"sameAs":["https:\/\/www.facebook.com\/beachoriginal\/","https:\/\/x.com\/OriginalsBeach","https:\/\/www.instagram.com\/beach.originals\/?hl=fr"]}]}},"_links":{"self":[{"href":"https:\/\/www.beach-originals.com\/en\/wp-json\/wp\/v2\/pages\/1175","targetHints":{"allow":["GET"]}}],"collection":[{"href":"https:\/\/www.beach-originals.com\/en\/wp-json\/wp\/v2\/pages"}],"about":[{"href":"https:\/\/www.beach-originals.com\/en\/wp-json\/wp\/v2\/types\/page"}],"author":[{"embeddable":true,"href":"https:\/\/www.beach-originals.com\/en\/wp-json\/wp\/v2\/users\/3"}],"replies":[{"embeddable":true,"href":"https:\/\/www.beach-originals.com\/en\/wp-json\/wp\/v2\/comments?post=1175"}],"version-history":[{"count":161,"href":"https:\/\/www.beach-originals.com\/en\/wp-json\/wp\/v2\/pages\/1175\/revisions"}],"predecessor-version":[{"id":10613,"href":"https:\/\/www.beach-originals.com\/en\/wp-json\/wp\/v2\/pages\/1175\/revisions\/10613"}],"wp:attachment":[{"href":"https:\/\/www.beach-originals.com\/en\/wp-json\/wp\/v2\/media?parent=1175"}],"curies":[{"name":"wp","href":"https:\/\/api.w.org\/{rel}","templated":true}]}}