{"id":1183,"date":"2018-12-18T16:48:39","date_gmt":"2018-12-18T15:48:39","guid":{"rendered":"https:\/\/www.beach-originals.com\/cart\/"},"modified":"2020-02-20T12:10:14","modified_gmt":"2020-02-20T11:10:14","slug":"my-cart","status":"publish","type":"page","link":"https:\/\/www.beach-originals.com\/en\/my-cart\/","title":{"rendered":"My Cart"},"content":{"rendered":"\n","protected":false},"excerpt":{"rendered":"","protected":false},"author":3,"featured_media":0,"parent":0,"menu_order":30,"comment_status":"closed","ping_status":"closed","template":"","meta":{"_acf_changed":false,"_themeisle_gutenberg_block_has_review":false,"footnotes":""},"class_list":["post-1183","page","type-page","status-publish","hentry"],"acf":[],"yoast_head":"<!-- This site is optimized with the Yoast SEO plugin v27.2 - https:\/\/yoast.com\/product\/yoast-seo-wordpress\/ -->\n<title>My Cart - Beach Originals<\/title>\n<meta name=\"robots\" content=\"index, follow, max-snippet:-1, max-image-preview:large, max-video-preview:-1\" \/>\n<link rel=\"canonical\" href=\"https:\/\/www.beach-originals.com\/panier\/\" \/>\n<meta property=\"og:locale\" content=\"en_US\" \/>\n<meta property=\"og:type\" content=\"article\" \/>\n<meta property=\"og:title\" content=\"My Cart - Beach Originals\" \/>\n<meta property=\"og:url\" content=\"https:\/\/www.beach-originals.com\/panier\/\" \/>\n<meta property=\"og:site_name\" content=\"Beach Originals\" \/>\n<meta property=\"article:publisher\" content=\"https:\/\/www.facebook.com\/beachoriginal\/\" \/>\n<meta property=\"article:modified_time\" content=\"2020-02-20T11:10:14+00:00\" \/>\n<meta name=\"twitter:card\" content=\"summary_large_image\" \/>\n<meta name=\"twitter:site\" content=\"@OriginalsBeach\" \/>\n<script type=\"application\/ld+json\" class=\"yoast-schema-graph\">{\"@context\":\"https:\/\/schema.org\",\"@graph\":[{\"@type\":\"WebPage\",\"@id\":\"https:\/\/www.beach-originals.com\/panier\/\",\"url\":\"https:\/\/www.beach-originals.com\/panier\/\",\"name\":\"My Cart - Beach Originals\",\"isPartOf\":{\"@id\":\"https:\/\/www.beach-originals.com\/#website\"},\"datePublished\":\"2018-12-18T15:48:39+00:00\",\"dateModified\":\"2020-02-20T11:10:14+00:00\",\"breadcrumb\":{\"@id\":\"https:\/\/www.beach-originals.com\/panier\/#breadcrumb\"},\"inLanguage\":\"en-US\",\"potentialAction\":[{\"@type\":\"ReadAction\",\"target\":[\"https:\/\/www.beach-originals.com\/panier\/\"]}]},{\"@type\":\"BreadcrumbList\",\"@id\":\"https:\/\/www.beach-originals.com\/panier\/#breadcrumb\",\"itemListElement\":[{\"@type\":\"ListItem\",\"position\":1,\"name\":\"Home\",\"item\":\"https:\/\/www.beach-originals.com\/en\/\"},{\"@type\":\"ListItem\",\"position\":2,\"name\":\"My Cart\"}]},{\"@type\":\"WebSite\",\"@id\":\"https:\/\/www.beach-originals.com\/#website\",\"url\":\"https:\/\/www.beach-originals.com\/\",\"name\":\"Beach Originals\",\"description\":\"H\u00e9ritage des premi\u00e8res tongs en caoutchouc naturel apparues en Californie \u00e0 la fin des ann\u00e9es 50.\",\"publisher\":{\"@id\":\"https:\/\/www.beach-originals.com\/#organization\"},\"potentialAction\":[{\"@type\":\"SearchAction\",\"target\":{\"@type\":\"EntryPoint\",\"urlTemplate\":\"https:\/\/www.beach-originals.com\/?s={search_term_string}\"},\"query-input\":{\"@type\":\"PropertyValueSpecification\",\"valueRequired\":true,\"valueName\":\"search_term_string\"}}],\"inLanguage\":\"en-US\"},{\"@type\":\"Organization\",\"@id\":\"https:\/\/www.beach-originals.com\/#organization\",\"name\":\"BEACH ORIGINALS\",\"url\":\"https:\/\/www.beach-originals.com\/\",\"logo\":{\"@type\":\"ImageObject\",\"inLanguage\":\"en-US\",\"@id\":\"https:\/\/www.beach-originals.com\/#\/schema\/logo\/image\/\",\"url\":\"https:\/\/www.beach-originals.com\/wp-content\/uploads\/2021\/01\/Logo-BO-transparent-version-2-Bateau-blanc-3.png\",\"contentUrl\":\"https:\/\/www.beach-originals.com\/wp-content\/uploads\/2021\/01\/Logo-BO-transparent-version-2-Bateau-blanc-3.png\",\"width\":1800,\"height\":1350,\"caption\":\"BEACH ORIGINALS\"},\"image\":{\"@id\":\"https:\/\/www.beach-originals.com\/#\/schema\/logo\/image\/\"},\"sameAs\":[\"https:\/\/www.facebook.com\/beachoriginal\/\",\"https:\/\/x.com\/OriginalsBeach\",\"https:\/\/www.instagram.com\/beach.originals\/?hl=fr\"]}]}<\/script>\n<!-- \/ Yoast SEO plugin. -->","yoast_head_json":{"title":"My Cart - Beach Originals","robots":{"index":"index","follow":"follow","max-snippet":"max-snippet:-1","max-image-preview":"max-image-preview:large","max-video-preview":"max-video-preview:-1"},"canonical":"https:\/\/www.beach-originals.com\/panier\/","og_locale":"en_US","og_type":"article","og_title":"My Cart - Beach Originals","og_url":"https:\/\/www.beach-originals.com\/panier\/","og_site_name":"Beach Originals","article_publisher":"https:\/\/www.facebook.com\/beachoriginal\/","article_modified_time":"2020-02-20T11:10:14+00:00","twitter_card":"summary_large_image","twitter_site":"@OriginalsBeach","schema":{"@context":"https:\/\/schema.org","@graph":[{"@type":"WebPage","@id":"https:\/\/www.beach-originals.com\/panier\/","url":"https:\/\/www.beach-originals.com\/panier\/","name":"My Cart - Beach Originals","isPartOf":{"@id":"https:\/\/www.beach-originals.com\/#website"},"datePublished":"2018-12-18T15:48:39+00:00","dateModified":"2020-02-20T11:10:14+00:00","breadcrumb":{"@id":"https:\/\/www.beach-originals.com\/panier\/#breadcrumb"},"inLanguage":"en-US","potentialAction":[{"@type":"ReadAction","target":["https:\/\/www.beach-originals.com\/panier\/"]}]},{"@type":"BreadcrumbList","@id":"https:\/\/www.beach-originals.com\/panier\/#breadcrumb","itemListElement":[{"@type":"ListItem","position":1,"name":"Home","item":"https:\/\/www.beach-originals.com\/en\/"},{"@type":"ListItem","position":2,"name":"My Cart"}]},{"@type":"WebSite","@id":"https:\/\/www.beach-originals.com\/#website","url":"https:\/\/www.beach-originals.com\/","name":"Beach Originals","description":"H\u00e9ritage des premi\u00e8res tongs en caoutchouc naturel apparues en Californie \u00e0 la fin des ann\u00e9es 50.","publisher":{"@id":"https:\/\/www.beach-originals.com\/#organization"},"potentialAction":[{"@type":"SearchAction","target":{"@type":"EntryPoint","urlTemplate":"https:\/\/www.beach-originals.com\/?s={search_term_string}"},"query-input":{"@type":"PropertyValueSpecification","valueRequired":true,"valueName":"search_term_string"}}],"inLanguage":"en-US"},{"@type":"Organization","@id":"https:\/\/www.beach-originals.com\/#organization","name":"BEACH ORIGINALS","url":"https:\/\/www.beach-originals.com\/","logo":{"@type":"ImageObject","inLanguage":"en-US","@id":"https:\/\/www.beach-originals.com\/#\/schema\/logo\/image\/","url":"https:\/\/www.beach-originals.com\/wp-content\/uploads\/2021\/01\/Logo-BO-transparent-version-2-Bateau-blanc-3.png","contentUrl":"https:\/\/www.beach-originals.com\/wp-content\/uploads\/2021\/01\/Logo-BO-transparent-version-2-Bateau-blanc-3.png","width":1800,"height":1350,"caption":"BEACH ORIGINALS"},"image":{"@id":"https:\/\/www.beach-originals.com\/#\/schema\/logo\/image\/"},"sameAs":["https:\/\/www.facebook.com\/beachoriginal\/","https:\/\/x.com\/OriginalsBeach","https:\/\/www.instagram.com\/beach.originals\/?hl=fr"]}]}},"_links":{"self":[{"href":"https:\/\/www.beach-originals.com\/en\/wp-json\/wp\/v2\/pages\/1183","targetHints":{"allow":["GET"]}}],"collection":[{"href":"https:\/\/www.beach-originals.com\/en\/wp-json\/wp\/v2\/pages"}],"about":[{"href":"https:\/\/www.beach-originals.com\/en\/wp-json\/wp\/v2\/types\/page"}],"author":[{"embeddable":true,"href":"https:\/\/www.beach-originals.com\/en\/wp-json\/wp\/v2\/users\/3"}],"replies":[{"embeddable":true,"href":"https:\/\/www.beach-originals.com\/en\/wp-json\/wp\/v2\/comments?post=1183"}],"version-history":[{"count":1,"href":"https:\/\/www.beach-originals.com\/en\/wp-json\/wp\/v2\/pages\/1183\/revisions"}],"predecessor-version":[{"id":2623,"href":"https:\/\/www.beach-originals.com\/en\/wp-json\/wp\/v2\/pages\/1183\/revisions\/2623"}],"wp:attachment":[{"href":"https:\/\/www.beach-originals.com\/en\/wp-json\/wp\/v2\/media?parent=1183"}],"curies":[{"name":"wp","href":"https:\/\/api.w.org\/{rel}","templated":true}]}}