{"id":12394,"date":"2023-02-13T12:21:54","date_gmt":"2023-02-13T11:21:54","guid":{"rendered":"https:\/\/www.beach-originals.com\/produit\/hawaii\/"},"modified":"2025-05-24T08:07:45","modified_gmt":"2025-05-24T06:07:45","slug":"surgf-trunk-hawaii-men","status":"publish","type":"product","link":"https:\/\/www.beach-originals.com\/en\/produit\/surgf-trunk-hawaii-men\/","title":{"rendered":"Hawaii"},"content":{"rendered":"<div class=\"wpb-content-wrapper\"><p>[vc_row][vc_column width=&#8221;1\/2&#8243;][vc_tta_accordion shape=&#8221;round&#8221; color=&#8221;turquoise&#8221; active_section=&#8221;1&#8243;][vc_tta_section title=&#8221;Heritage surf trunk by Beach Originals&#8221; tab_id=&#8221;descriptioncda3-36b2&#8243;][vc_column_text]<\/p>\n<p>Choosing a good surf trunk may need more attention than you can imagine: it should be perfectly adjusted to your waist\/legs, quick-drying, stylish but discreet and comfortable.<\/p>\n<p><strong>\u201cHeritage 5P\u201d, the emblematic &amp; iconic model of Beach Originals<\/strong><\/p>\n<p>Genuine re-edition of the canvas surf trunk born in California during the late 50\u2019s, the Beach Originals model \u201dHeritage 5P\u201d should be worn for any occasion: in the most trendy beach clubs of Saint-Tropez or Los Angeles as in the wildest &amp; deserted beach of the world.<\/p>\n<p>This iconic model fits perfectly with your golden tanned body for an original, chic and vintage look. Be different !<\/p>\n<p>[\/vc_column_text][\/vc_tta_section][vc_tta_section title=&#8221;Composition&#8221; tab_id=&#8221;compositioncda3-36b2&#8243;][vc_column_text]<\/p>\n<p>100% Polyester<\/p>\n<p>Fabric Made in Spain<\/p>\n<p>Extra durable quick dry fabric<\/p>\n<p>[\/vc_column_text][\/vc_tta_section][vc_tta_section title=&#8221;Size&#8221; tab_id=&#8221;taillecda3-36b2&#8243;][vc_column_text]<\/p>\n<p>XS, S, M, L, XL.<\/p>\n<p>The Beach Originals surf trunk should be worn properly \u201cadjusted\u201d for the utmost elegance and a better comfort.<\/p>\n<p>[\/vc_column_text][\/vc_tta_section][vc_tta_section title=&#8221;Design and color details&#8221; tab_id=&#8221;designcda3-36b2&#8243;][vc_column_text]<\/p>\n<p>Adjusted fit to enhance the body aesthetics.<\/p>\n<p>Personalized fit through discreet elastic for better adjustment.<\/p>\n<p>Beach Originals vintage logo discreetly appears on the back pocket of the trunk.<\/p>\n<p>The Heritage 5P surf trunk is available in various solid vintage colors, another distinctive and identity mark of the brand.<\/p>\n<p>A palette of 9 solid colors, characteristic feature of the mythical 50-60\u2019s era, making easy to mix and match with all your outfits.<\/p>\n<p>Distinctive vintage style and cheerful colors to add a special flavor to your Summer !<\/p>\n<p>[\/vc_column_text][\/vc_tta_section][vc_tta_section title=&#8221;Useful tips&#8221; tab_id=&#8221;conseilscda3-36b2&#8243;][vc_column_text]<\/p>\n<p>#1. The Beach Originals surf trunk, its more than just a trunk !<br \/>\nYou can match your Beach Originals surf trunk with the Beach Originals flip flops available in the same colorways !<br \/>\nStop with the trunk of the man in the street (beach !) for a casual, elegant and original look. A Summer state of mind!<\/p>\n<p>#2. Choose the most adjusted size as possible for the aesthetic.<\/p>\n<p>#3. Due to the dying process, the color of the Beach Originals surf trunks will lightly bleed in the first washes and fade over the years. They will definitely run like vintage !<\/p>\n<p>#4. Quick dry fabric.<\/p>\n<p>[\/vc_column_text][\/vc_tta_section][\/vc_tta_accordion][\/vc_column][vc_column width=&#8221;1\/2&#8243;][vc_single_image image=&#8221;11469&#8243; img_size=&#8221;large&#8221; alignment=&#8221;center&#8221; css_animation=&#8221;fadeInDown&#8221;][\/vc_column][\/vc_row][vc_row][vc_column][vc_cta h2=&#8221;BUY A SURF TRUNK + A PAIR OF FLIP FLOPS AND BENEFIT FROM A FREE DELIVERY&#8221; h4=&#8221;Save from 15,00\u20ac to 25,00\u20ac of shipping cost !&#8221; txt_align=&#8221;center&#8221; style=&#8221;custom&#8221; css_animation=&#8221;zoomIn&#8221; custom_text=&#8221;#ae8a79&#8243;]<\/p>\n<p>&nbsp;<\/p>\n<p><em>FREE shipping for orders of one surf trunk+one pair of flip flops in EU, CH and UK (save 15,00\u20ac)<\/em><\/p>\n<p><em>FREE shipping for orders of one surf trunk+one pair of flip flops in the REST OF THE WORLD (save 25,00\u20ac)<\/em>[\/vc_cta][vc_single_image image=&#8221;5859&#8243; img_size=&#8221;large&#8221; alignment=&#8221;center&#8221; css_animation=&#8221;fadeInUp&#8221;][\/vc_column][\/vc_row]<\/p>\n<\/div>","protected":false},"excerpt":{"rendered":"<h6>FREE SHIPPING<\/h6>\n<h6><b>for purchase of a surf trunk + a pair of flip flops <\/b><b>(WORLDWIDE)<\/b><\/h6>\n<p>&nbsp;<\/p>\n<h3><strong>UNISEX<\/strong><\/h3>\n<h6><strong>HERITAGE 5P<\/strong><\/h6>\n<p>REF. BO5P-001<\/p>\n<p>COLOR 007 &#8211; COCONUT BROWN<\/p>\n<p>&nbsp;<\/p>\n<p>5 Pockets<\/p>\n<p>100% Polyester<\/p>\n<p>Fabric Made in Spain<\/p>\n<h6><a href=\"https:\/\/www.beach-originals.com\/wp-content\/uploads\/2023\/01\/Diapositive1.jpg\">Size guide<\/a><\/h6>\n","protected":false},"featured_media":11922,"comment_status":"closed","ping_status":"closed","template":"","meta":{"_acf_changed":false,"_themeisle_gutenberg_block_has_review":false},"product_brand":[],"product_cat":[75,177,316,49],"product_tag":[67],"class_list":{"0":"post-12394","1":"product","2":"type-product","3":"status-publish","4":"has-post-thumbnail","6":"product_cat-men","7":"product_cat-surf-trunk-unisex-accessories","8":"product_cat-unisex-accessories","9":"product_cat-women","10":"product_tag-coconut-brown","12":"first","13":"outofstock","14":"taxable","15":"shipping-taxable","16":"purchasable","17":"product-type-variable"},"acf":[],"yoast_head":"<!-- This site is optimized with the Yoast SEO plugin v27.2 - https:\/\/yoast.com\/product\/yoast-seo-wordpress\/ -->\n<title>surf trunk for men color coconut<\/title>\n<meta name=\"description\" content=\"Shop the iconic Beach Originals surf trunk for men color coconut Hawaii at our online store. Free shipping on purchase of a surf trunk\" \/>\n<meta name=\"robots\" content=\"index, follow, max-snippet:-1, max-image-preview:large, max-video-preview:-1\" \/>\n<link rel=\"canonical\" href=\"https:\/\/www.beach-originals.com\/en\/produit\/surgf-trunk-hawaii-men\/\" \/>\n<meta property=\"og:locale\" content=\"en_US\" \/>\n<meta property=\"og:type\" content=\"article\" \/>\n<meta property=\"og:title\" content=\"surf trunk for men color coconut\" \/>\n<meta property=\"og:description\" content=\"Shop the iconic Beach Originals surf trunk for men color coconut Hawaii at our online store. Free shipping on purchase of a surf trunk\" \/>\n<meta property=\"og:url\" content=\"https:\/\/www.beach-originals.com\/en\/produit\/surgf-trunk-hawaii-men\/\" \/>\n<meta property=\"og:site_name\" content=\"Beach Originals\" \/>\n<meta property=\"article:publisher\" content=\"https:\/\/www.facebook.com\/beachoriginal\/\" \/>\n<meta property=\"article:modified_time\" content=\"2025-05-24T06:07:45+00:00\" \/>\n<meta property=\"og:image\" content=\"https:\/\/www.beach-originals.com\/wp-content\/uploads\/2022\/11\/short-chair.jpg\" \/>\n\t<meta property=\"og:image:width\" content=\"720\" \/>\n\t<meta property=\"og:image:height\" content=\"540\" \/>\n\t<meta property=\"og:image:type\" content=\"image\/jpeg\" \/>\n<meta name=\"twitter:card\" content=\"summary_large_image\" \/>\n<meta name=\"twitter:site\" content=\"@OriginalsBeach\" \/>\n<meta name=\"twitter:label1\" content=\"Est. reading time\" \/>\n\t<meta name=\"twitter:data1\" content=\"3 minutes\" \/>\n<script type=\"application\/ld+json\" class=\"yoast-schema-graph\">{\"@context\":\"https:\/\/schema.org\",\"@graph\":[{\"@type\":\"WebPage\",\"@id\":\"https:\/\/www.beach-originals.com\/en\/produit\/surgf-trunk-hawaii-men\/\",\"url\":\"https:\/\/www.beach-originals.com\/en\/produit\/surgf-trunk-hawaii-men\/\",\"name\":\"surf trunk for men color coconut\",\"isPartOf\":{\"@id\":\"https:\/\/www.beach-originals.com\/#website\"},\"primaryImageOfPage\":{\"@id\":\"https:\/\/www.beach-originals.com\/en\/produit\/surgf-trunk-hawaii-men\/#primaryimage\"},\"image\":{\"@id\":\"https:\/\/www.beach-originals.com\/en\/produit\/surgf-trunk-hawaii-men\/#primaryimage\"},\"thumbnailUrl\":\"https:\/\/www.beach-originals.com\/wp-content\/uploads\/2022\/11\/short-chair.jpg\",\"datePublished\":\"2023-02-13T11:21:54+00:00\",\"dateModified\":\"2025-05-24T06:07:45+00:00\",\"description\":\"Shop the iconic Beach Originals surf trunk for men color coconut Hawaii at our online store. Free shipping on purchase of a surf trunk\",\"breadcrumb\":{\"@id\":\"https:\/\/www.beach-originals.com\/en\/produit\/surgf-trunk-hawaii-men\/#breadcrumb\"},\"inLanguage\":\"en-US\",\"potentialAction\":[{\"@type\":\"ReadAction\",\"target\":[\"https:\/\/www.beach-originals.com\/en\/produit\/surgf-trunk-hawaii-men\/\"]}]},{\"@type\":\"ImageObject\",\"inLanguage\":\"en-US\",\"@id\":\"https:\/\/www.beach-originals.com\/en\/produit\/surgf-trunk-hawaii-men\/#primaryimage\",\"url\":\"https:\/\/www.beach-originals.com\/wp-content\/uploads\/2022\/11\/short-chair.jpg\",\"contentUrl\":\"https:\/\/www.beach-originals.com\/wp-content\/uploads\/2022\/11\/short-chair.jpg\",\"width\":720,\"height\":540},{\"@type\":\"BreadcrumbList\",\"@id\":\"https:\/\/www.beach-originals.com\/en\/produit\/surgf-trunk-hawaii-men\/#breadcrumb\",\"itemListElement\":[{\"@type\":\"ListItem\",\"position\":1,\"name\":\"Home\",\"item\":\"https:\/\/www.beach-originals.com\/en\/\"},{\"@type\":\"ListItem\",\"position\":2,\"name\":\"Produits\",\"item\":\"https:\/\/www.beach-originals.com\/shop\/\"},{\"@type\":\"ListItem\",\"position\":3,\"name\":\"Hawaii\"}]},{\"@type\":\"WebSite\",\"@id\":\"https:\/\/www.beach-originals.com\/#website\",\"url\":\"https:\/\/www.beach-originals.com\/\",\"name\":\"Beach Originals\",\"description\":\"H\u00e9ritage des premi\u00e8res tongs en caoutchouc naturel apparues en Californie \u00e0 la fin des ann\u00e9es 50.\",\"publisher\":{\"@id\":\"https:\/\/www.beach-originals.com\/#organization\"},\"potentialAction\":[{\"@type\":\"SearchAction\",\"target\":{\"@type\":\"EntryPoint\",\"urlTemplate\":\"https:\/\/www.beach-originals.com\/?s={search_term_string}\"},\"query-input\":{\"@type\":\"PropertyValueSpecification\",\"valueRequired\":true,\"valueName\":\"search_term_string\"}}],\"inLanguage\":\"en-US\"},{\"@type\":\"Organization\",\"@id\":\"https:\/\/www.beach-originals.com\/#organization\",\"name\":\"BEACH ORIGINALS\",\"url\":\"https:\/\/www.beach-originals.com\/\",\"logo\":{\"@type\":\"ImageObject\",\"inLanguage\":\"en-US\",\"@id\":\"https:\/\/www.beach-originals.com\/#\/schema\/logo\/image\/\",\"url\":\"https:\/\/www.beach-originals.com\/wp-content\/uploads\/2021\/01\/Logo-BO-transparent-version-2-Bateau-blanc-3.png\",\"contentUrl\":\"https:\/\/www.beach-originals.com\/wp-content\/uploads\/2021\/01\/Logo-BO-transparent-version-2-Bateau-blanc-3.png\",\"width\":1800,\"height\":1350,\"caption\":\"BEACH ORIGINALS\"},\"image\":{\"@id\":\"https:\/\/www.beach-originals.com\/#\/schema\/logo\/image\/\"},\"sameAs\":[\"https:\/\/www.facebook.com\/beachoriginal\/\",\"https:\/\/x.com\/OriginalsBeach\",\"https:\/\/www.instagram.com\/beach.originals\/?hl=fr\"]}]}<\/script>\n<!-- \/ Yoast SEO plugin. -->","yoast_head_json":{"title":"surf trunk for men color coconut","description":"Shop the iconic Beach Originals surf trunk for men color coconut Hawaii at our online store. Free shipping on purchase of a surf trunk","robots":{"index":"index","follow":"follow","max-snippet":"max-snippet:-1","max-image-preview":"max-image-preview:large","max-video-preview":"max-video-preview:-1"},"canonical":"https:\/\/www.beach-originals.com\/en\/produit\/surgf-trunk-hawaii-men\/","og_locale":"en_US","og_type":"article","og_title":"surf trunk for men color coconut","og_description":"Shop the iconic Beach Originals surf trunk for men color coconut Hawaii at our online store. Free shipping on purchase of a surf trunk","og_url":"https:\/\/www.beach-originals.com\/en\/produit\/surgf-trunk-hawaii-men\/","og_site_name":"Beach Originals","article_publisher":"https:\/\/www.facebook.com\/beachoriginal\/","article_modified_time":"2025-05-24T06:07:45+00:00","og_image":[{"width":720,"height":540,"url":"https:\/\/www.beach-originals.com\/wp-content\/uploads\/2022\/11\/short-chair.jpg","type":"image\/jpeg"}],"twitter_card":"summary_large_image","twitter_site":"@OriginalsBeach","twitter_misc":{"Est. reading time":"3 minutes"},"schema":{"@context":"https:\/\/schema.org","@graph":[{"@type":"WebPage","@id":"https:\/\/www.beach-originals.com\/en\/produit\/surgf-trunk-hawaii-men\/","url":"https:\/\/www.beach-originals.com\/en\/produit\/surgf-trunk-hawaii-men\/","name":"surf trunk for men color coconut","isPartOf":{"@id":"https:\/\/www.beach-originals.com\/#website"},"primaryImageOfPage":{"@id":"https:\/\/www.beach-originals.com\/en\/produit\/surgf-trunk-hawaii-men\/#primaryimage"},"image":{"@id":"https:\/\/www.beach-originals.com\/en\/produit\/surgf-trunk-hawaii-men\/#primaryimage"},"thumbnailUrl":"https:\/\/www.beach-originals.com\/wp-content\/uploads\/2022\/11\/short-chair.jpg","datePublished":"2023-02-13T11:21:54+00:00","dateModified":"2025-05-24T06:07:45+00:00","description":"Shop the iconic Beach Originals surf trunk for men color coconut Hawaii at our online store. Free shipping on purchase of a surf trunk","breadcrumb":{"@id":"https:\/\/www.beach-originals.com\/en\/produit\/surgf-trunk-hawaii-men\/#breadcrumb"},"inLanguage":"en-US","potentialAction":[{"@type":"ReadAction","target":["https:\/\/www.beach-originals.com\/en\/produit\/surgf-trunk-hawaii-men\/"]}]},{"@type":"ImageObject","inLanguage":"en-US","@id":"https:\/\/www.beach-originals.com\/en\/produit\/surgf-trunk-hawaii-men\/#primaryimage","url":"https:\/\/www.beach-originals.com\/wp-content\/uploads\/2022\/11\/short-chair.jpg","contentUrl":"https:\/\/www.beach-originals.com\/wp-content\/uploads\/2022\/11\/short-chair.jpg","width":720,"height":540},{"@type":"BreadcrumbList","@id":"https:\/\/www.beach-originals.com\/en\/produit\/surgf-trunk-hawaii-men\/#breadcrumb","itemListElement":[{"@type":"ListItem","position":1,"name":"Home","item":"https:\/\/www.beach-originals.com\/en\/"},{"@type":"ListItem","position":2,"name":"Produits","item":"https:\/\/www.beach-originals.com\/shop\/"},{"@type":"ListItem","position":3,"name":"Hawaii"}]},{"@type":"WebSite","@id":"https:\/\/www.beach-originals.com\/#website","url":"https:\/\/www.beach-originals.com\/","name":"Beach Originals","description":"H\u00e9ritage des premi\u00e8res tongs en caoutchouc naturel apparues en Californie \u00e0 la fin des ann\u00e9es 50.","publisher":{"@id":"https:\/\/www.beach-originals.com\/#organization"},"potentialAction":[{"@type":"SearchAction","target":{"@type":"EntryPoint","urlTemplate":"https:\/\/www.beach-originals.com\/?s={search_term_string}"},"query-input":{"@type":"PropertyValueSpecification","valueRequired":true,"valueName":"search_term_string"}}],"inLanguage":"en-US"},{"@type":"Organization","@id":"https:\/\/www.beach-originals.com\/#organization","name":"BEACH ORIGINALS","url":"https:\/\/www.beach-originals.com\/","logo":{"@type":"ImageObject","inLanguage":"en-US","@id":"https:\/\/www.beach-originals.com\/#\/schema\/logo\/image\/","url":"https:\/\/www.beach-originals.com\/wp-content\/uploads\/2021\/01\/Logo-BO-transparent-version-2-Bateau-blanc-3.png","contentUrl":"https:\/\/www.beach-originals.com\/wp-content\/uploads\/2021\/01\/Logo-BO-transparent-version-2-Bateau-blanc-3.png","width":1800,"height":1350,"caption":"BEACH ORIGINALS"},"image":{"@id":"https:\/\/www.beach-originals.com\/#\/schema\/logo\/image\/"},"sameAs":["https:\/\/www.facebook.com\/beachoriginal\/","https:\/\/x.com\/OriginalsBeach","https:\/\/www.instagram.com\/beach.originals\/?hl=fr"]}]}},"_links":{"self":[{"href":"https:\/\/www.beach-originals.com\/en\/wp-json\/wp\/v2\/product\/12394","targetHints":{"allow":["GET"]}}],"collection":[{"href":"https:\/\/www.beach-originals.com\/en\/wp-json\/wp\/v2\/product"}],"about":[{"href":"https:\/\/www.beach-originals.com\/en\/wp-json\/wp\/v2\/types\/product"}],"replies":[{"embeddable":true,"href":"https:\/\/www.beach-originals.com\/en\/wp-json\/wp\/v2\/comments?post=12394"}],"wp:featuredmedia":[{"embeddable":true,"href":"https:\/\/www.beach-originals.com\/en\/wp-json\/wp\/v2\/media\/11922"}],"wp:attachment":[{"href":"https:\/\/www.beach-originals.com\/en\/wp-json\/wp\/v2\/media?parent=12394"}],"wp:term":[{"taxonomy":"product_brand","embeddable":true,"href":"https:\/\/www.beach-originals.com\/en\/wp-json\/wp\/v2\/product_brand?post=12394"},{"taxonomy":"product_cat","embeddable":true,"href":"https:\/\/www.beach-originals.com\/en\/wp-json\/wp\/v2\/product_cat?post=12394"},{"taxonomy":"product_tag","embeddable":true,"href":"https:\/\/www.beach-originals.com\/en\/wp-json\/wp\/v2\/product_tag?post=12394"}],"curies":[{"name":"wp","href":"https:\/\/api.w.org\/{rel}","templated":true}]}}