{"id":1676,"date":"2018-05-18T15:24:03","date_gmt":"2018-05-18T13:24:03","guid":{"rendered":"https:\/\/www.beach-originals.com\/?post_type=product&#038;p=1676"},"modified":"2025-12-29T12:42:29","modified_gmt":"2025-12-29T11:42:29","slug":"tong-slim-original-black-women","status":"publish","type":"product","link":"https:\/\/www.beach-originals.com\/en\/produit\/tong-slim-original-black-women\/","title":{"rendered":"Kalamata"},"content":{"rendered":"<div class=\"wpb-content-wrapper\"><p>[vc_row][vc_column width=&#8221;1\/2&#8243;][vc_tta_accordion color=&#8221;turquoise&#8221; active_section=&#8221;1&#8243;][vc_tta_section title=&#8221;Heritage Slim flip flops by Beach Originals&#8221; tab_id=&#8221;description8e2c-5c29&#8243;][vc_column_text]Choosing a pair of flip flops may need more attention than you can imagine : it should be perfectly adjusted to your foot, with non-skid soles, stylish but discreet and above all comfortable.<\/p>\n<p><strong>\u201cHeritage\u201d, the emblematic &amp; iconic model of Beach Originals<\/strong><\/p>\n<p>Authentic re-edition of the first rubber flip flops created in California during the late 50\u2019s, the Beach Originals flip flops \u201dHeritage\u201d can be worn for any occasion : in the most trendy beach clubs of the world, in a Parisian afterwork and even in a select Summer party in Saint-Tropez or Los Angeles.<\/p>\n<p>This iconic and vintage model fits perfectly with your golden tanned feet from morning until late into the night for an original, chic and casual look. Be different ![\/vc_column_text][\/vc_tta_section][vc_tta_section title=&#8221;Composition&#8221; tab_id=&#8221;composition8e2c-5c29&#8243;][vc_column_text]Sole : 70% RUBBER &#8211; 30% EVA<br \/>\nStrap : 100% PVC<\/p>\n<p>Mixed with durable rubber, EVA provides ultra lightweight, softness and perfect shock absorption for an optimal comfort.[\/vc_column_text][\/vc_tta_section][vc_tta_section title=&#8221;Size&#8221; tab_id=&#8221;taille8e2c-5c29&#8243;][vc_column_text]3 dual sizes available for female :<\/p>\n<ul>\n<li>37\/38 (240mm)<\/li>\n<li>39\/40 (255mm)<\/li>\n<li>41\/42 (265mm)<\/li>\n<\/ul>\n<p>The Beach Originals flip flops should be worn properly \u201cadjusted\u201d : the foot should cover practically the whole surface of the sole for the utmost elegance and a better foothold.[\/vc_column_text][\/vc_tta_section][vc_tta_section title=&#8221;Design and colors details&#8221; tab_id=&#8221;design8e2c-5c29&#8243;][vc_column_text css=&#8221;&#8221;]<\/p>\n<ul>\n<li>11mm slim strap + slim sole to enhance the foot aesthetics.<\/li>\n<li>Greco-Roman \u201cwave\u201d pattern on strap and \u201cbrick\u201d on footbed : these vintage patterns are inspired by the first rubber flip flops dating 1958.<\/li>\n<li>Beach Originals vintage logo discreetly appears on the strap in tone on tone.<\/li>\n<li>Sole invariably in two-tone combination : off-white\/brown faded effect, another distinctive feature and identity mark of the brand.<\/li>\n<li>A palette of 15 cheerful &amp; vintage colors for the straps (characteristic feature of the mythical 50-60\u2019s era) making it easy to mix and match with all your outfits.<\/li>\n<\/ul>\n<p>[\/vc_column_text][\/vc_tta_section][vc_tta_section title=&#8221;Useful tips&#8221; tab_id=&#8221;conseils8e2c-5c29&#8243;][vc_column_text css=&#8221;&#8221;]<strong>#1<\/strong>. Beach Originals, its more than just on the beach !<br \/>\nYou can wear your Beach Originals flip flops \u201cnight and day\u201d whatever your outfit : dress, pants, denim jean or shorts mixed with a blazer, a tank-top or a T-shirt.<br \/>\nNearly everything is permitted (excepted the socks !) for a casual, elegant and original look. A\u00a0summer state of mind !<\/p>\n<p><strong>#2.<\/strong> Choose your usual size. However, the size EU 37\/38 runs small so we recommend buying the size up if your shoe size is 38<\/p>\n<p><strong>#3.<\/strong> Beach Originals flip flops are machine washable at 30\u00b0 without any loss in the initial\u00a0quality. They runs like new again, this is really awesome ![\/vc_column_text][\/vc_tta_section][\/vc_tta_accordion][\/vc_column][vc_column width=&#8221;1\/2&#8243;][vc_single_image image=&#8221;11515&#8243; img_size=&#8221;medium&#8221; alignment=&#8221;center&#8221; css_animation=&#8221;fadeInDownBig&#8221;][vc_column_text css=&#8221;&#8221;]<\/p>\n<h4 style=\"text-align: center;\">HERITAGE SLIM<\/h4>\n<h5 style=\"text-align: center;\">THE ORIGINAL !<\/h5>\n<p>[\/vc_column_text][\/vc_column][\/vc_row][vc_row][vc_column][vc_cta h2=&#8221;&#8221; h4=&#8221;Buy 3 pairs and benefit from a free shipping !&#8221; txt_align=&#8221;center&#8221; style=&#8221;custom&#8221; css_animation=&#8221;zoomIn&#8221; css=&#8221;&#8221; custom_background=&#8221;#ffffff&#8221; custom_text=&#8221;#76c5d5&#8243;]<\/p>\n<h6 style=\"text-align: center;\"><strong>FREE shipping for orders of 3 pairs in EU, CH and UK\u00a0<\/strong><\/h6>\n<h6 style=\"text-align: center;\"><strong>FREE shipping for orders of 4 pairs in the REST OF THE WORLD\u00a0<\/strong><\/h6>\n<p>[\/vc_cta][\/vc_column][\/vc_row][vc_row][vc_column][vc_single_image image=&#8221;5858&#8243; img_size=&#8221;large&#8221; alignment=&#8221;center&#8221; css_animation=&#8221;fadeInUp&#8221;][\/vc_column][\/vc_row]<\/p>\n<\/div>","protected":false},"excerpt":{"rendered":"<h6><strong>FREE SHIPPING FOR PURCHASE OF 3 PAIRS !<\/strong><\/h6>\n<h6>(EU\/UK\/CH orders only)<\/h6>\n<h4><\/h4>\n<p>&nbsp;<\/p>\n<h3><strong>WOMEN<\/strong><\/h3>\n<h6>HERITAGE SLIM<\/h6>\n<p>REF. BOW-001<\/p>\n<p>COLOR 001 &#8211; ORIGINAL BLACK<\/p>\n<p>SLIM STRAP Width 11mm<\/p>\n<p>SLIM SOLE Height 15mm\u00a0 \u00a0 \u00a0 \u00a0 \u00a0 \u00a0 \u00a0 \u00a0 \u00a0 \u00a0 \u00a0 \u00a0 \u00a0 \u00a0 \u00a0 \u00a0 (70% RUBBER &#8211; 30% EVA)<\/p>\n<p>Machine washable 30\u00b0<\/p>\n<h6><a href=\"https:\/\/www.beach-originals.com\/wp-content\/uploads\/2025\/11\/guide-taille-heritage-slim-v1-.png\" data-fancybox=\"gallery\">Size guide<\/a><\/h6>\n","protected":false},"featured_media":11418,"comment_status":"closed","ping_status":"closed","template":"","meta":{"_acf_changed":false,"_themeisle_gutenberg_block_has_review":false},"product_brand":[424],"product_cat":[333,303,49,176],"product_tag":[68],"class_list":{"0":"post-1676","1":"product","2":"type-product","3":"status-publish","4":"has-post-thumbnail","6":"product_brand-beach-originals","7":"product_cat-heritage-w","8":"product_cat-vintage-colors","9":"product_cat-women","10":"product_cat-women-flip-flops","11":"product_tag-original-black","13":"first","14":"instock","15":"taxable","16":"shipping-taxable","17":"purchasable","18":"product-type-variable"},"acf":[],"yoast_head":"<!-- This site is optimized with the Yoast SEO plugin v27.2 - https:\/\/yoast.com\/product\/yoast-seo-wordpress\/ -->\n<title>Beach Originals - Flip flops for women color black<\/title>\n<meta name=\"description\" content=\"Shop the iconic Beach Originals flip flops for women color black Kalamata at our online store. Free shipping on 3 pairs\" \/>\n<meta name=\"robots\" content=\"index, follow, max-snippet:-1, max-image-preview:large, max-video-preview:-1\" \/>\n<link rel=\"canonical\" href=\"https:\/\/www.beach-originals.com\/en\/produit\/tong-slim-original-black-women\/\" \/>\n<meta property=\"og:locale\" content=\"en_US\" \/>\n<meta property=\"og:type\" content=\"article\" \/>\n<meta property=\"og:title\" content=\"Beach Originals - Flip flops for women color black\" \/>\n<meta property=\"og:description\" content=\"Shop the iconic Beach Originals flip flops for women color black Kalamata at our online store. Free shipping on 3 pairs\" \/>\n<meta property=\"og:url\" content=\"https:\/\/www.beach-originals.com\/en\/produit\/tong-slim-original-black-women\/\" \/>\n<meta property=\"og:site_name\" content=\"Beach Originals\" \/>\n<meta property=\"article:publisher\" content=\"https:\/\/www.facebook.com\/beachoriginal\/\" \/>\n<meta property=\"article:modified_time\" content=\"2025-12-29T11:42:29+00:00\" \/>\n<meta property=\"og:image\" content=\"https:\/\/www.beach-originals.com\/wp-content\/uploads\/2018\/05\/profil-femme-noir-big.jpg\" \/>\n\t<meta property=\"og:image:width\" content=\"2000\" \/>\n\t<meta property=\"og:image:height\" content=\"998\" \/>\n\t<meta property=\"og:image:type\" content=\"image\/jpeg\" \/>\n<meta name=\"twitter:card\" content=\"summary_large_image\" \/>\n<meta name=\"twitter:site\" content=\"@OriginalsBeach\" \/>\n<meta name=\"twitter:label1\" content=\"Est. reading time\" \/>\n\t<meta name=\"twitter:data1\" content=\"3 minutes\" \/>\n<script type=\"application\/ld+json\" class=\"yoast-schema-graph\">{\"@context\":\"https:\/\/schema.org\",\"@graph\":[{\"@type\":\"WebPage\",\"@id\":\"https:\/\/www.beach-originals.com\/en\/produit\/tong-slim-original-black-women\/\",\"url\":\"https:\/\/www.beach-originals.com\/en\/produit\/tong-slim-original-black-women\/\",\"name\":\"Beach Originals - Flip flops for women color black\",\"isPartOf\":{\"@id\":\"https:\/\/www.beach-originals.com\/#website\"},\"primaryImageOfPage\":{\"@id\":\"https:\/\/www.beach-originals.com\/en\/produit\/tong-slim-original-black-women\/#primaryimage\"},\"image\":{\"@id\":\"https:\/\/www.beach-originals.com\/en\/produit\/tong-slim-original-black-women\/#primaryimage\"},\"thumbnailUrl\":\"https:\/\/www.beach-originals.com\/wp-content\/uploads\/2018\/05\/profil-femme-noir-big.jpg\",\"datePublished\":\"2018-05-18T13:24:03+00:00\",\"dateModified\":\"2025-12-29T11:42:29+00:00\",\"description\":\"Shop the iconic Beach Originals flip flops for women color black Kalamata at our online store. Free shipping on 3 pairs\",\"breadcrumb\":{\"@id\":\"https:\/\/www.beach-originals.com\/en\/produit\/tong-slim-original-black-women\/#breadcrumb\"},\"inLanguage\":\"en-US\",\"potentialAction\":[{\"@type\":\"ReadAction\",\"target\":[\"https:\/\/www.beach-originals.com\/en\/produit\/tong-slim-original-black-women\/\"]}]},{\"@type\":\"ImageObject\",\"inLanguage\":\"en-US\",\"@id\":\"https:\/\/www.beach-originals.com\/en\/produit\/tong-slim-original-black-women\/#primaryimage\",\"url\":\"https:\/\/www.beach-originals.com\/wp-content\/uploads\/2018\/05\/profil-femme-noir-big.jpg\",\"contentUrl\":\"https:\/\/www.beach-originals.com\/wp-content\/uploads\/2018\/05\/profil-femme-noir-big.jpg\",\"width\":2000,\"height\":998,\"caption\":\"Tong femme noir\"},{\"@type\":\"BreadcrumbList\",\"@id\":\"https:\/\/www.beach-originals.com\/en\/produit\/tong-slim-original-black-women\/#breadcrumb\",\"itemListElement\":[{\"@type\":\"ListItem\",\"position\":1,\"name\":\"Home\",\"item\":\"https:\/\/www.beach-originals.com\/en\/\"},{\"@type\":\"ListItem\",\"position\":2,\"name\":\"Produits\",\"item\":\"https:\/\/www.beach-originals.com\/shop\/\"},{\"@type\":\"ListItem\",\"position\":3,\"name\":\"Kalamata\"}]},{\"@type\":\"WebSite\",\"@id\":\"https:\/\/www.beach-originals.com\/#website\",\"url\":\"https:\/\/www.beach-originals.com\/\",\"name\":\"Beach Originals\",\"description\":\"H\u00e9ritage des premi\u00e8res tongs en caoutchouc naturel apparues en Californie \u00e0 la fin des ann\u00e9es 50.\",\"publisher\":{\"@id\":\"https:\/\/www.beach-originals.com\/#organization\"},\"potentialAction\":[{\"@type\":\"SearchAction\",\"target\":{\"@type\":\"EntryPoint\",\"urlTemplate\":\"https:\/\/www.beach-originals.com\/?s={search_term_string}\"},\"query-input\":{\"@type\":\"PropertyValueSpecification\",\"valueRequired\":true,\"valueName\":\"search_term_string\"}}],\"inLanguage\":\"en-US\"},{\"@type\":\"Organization\",\"@id\":\"https:\/\/www.beach-originals.com\/#organization\",\"name\":\"BEACH ORIGINALS\",\"url\":\"https:\/\/www.beach-originals.com\/\",\"logo\":{\"@type\":\"ImageObject\",\"inLanguage\":\"en-US\",\"@id\":\"https:\/\/www.beach-originals.com\/#\/schema\/logo\/image\/\",\"url\":\"https:\/\/www.beach-originals.com\/wp-content\/uploads\/2021\/01\/Logo-BO-transparent-version-2-Bateau-blanc-3.png\",\"contentUrl\":\"https:\/\/www.beach-originals.com\/wp-content\/uploads\/2021\/01\/Logo-BO-transparent-version-2-Bateau-blanc-3.png\",\"width\":1800,\"height\":1350,\"caption\":\"BEACH ORIGINALS\"},\"image\":{\"@id\":\"https:\/\/www.beach-originals.com\/#\/schema\/logo\/image\/\"},\"sameAs\":[\"https:\/\/www.facebook.com\/beachoriginal\/\",\"https:\/\/x.com\/OriginalsBeach\",\"https:\/\/www.instagram.com\/beach.originals\/?hl=fr\"]}]}<\/script>\n<!-- \/ Yoast SEO plugin. -->","yoast_head_json":{"title":"Beach Originals - Flip flops for women color black","description":"Shop the iconic Beach Originals flip flops for women color black Kalamata at our online store. Free shipping on 3 pairs","robots":{"index":"index","follow":"follow","max-snippet":"max-snippet:-1","max-image-preview":"max-image-preview:large","max-video-preview":"max-video-preview:-1"},"canonical":"https:\/\/www.beach-originals.com\/en\/produit\/tong-slim-original-black-women\/","og_locale":"en_US","og_type":"article","og_title":"Beach Originals - Flip flops for women color black","og_description":"Shop the iconic Beach Originals flip flops for women color black Kalamata at our online store. Free shipping on 3 pairs","og_url":"https:\/\/www.beach-originals.com\/en\/produit\/tong-slim-original-black-women\/","og_site_name":"Beach Originals","article_publisher":"https:\/\/www.facebook.com\/beachoriginal\/","article_modified_time":"2025-12-29T11:42:29+00:00","og_image":[{"width":2000,"height":998,"url":"https:\/\/www.beach-originals.com\/wp-content\/uploads\/2018\/05\/profil-femme-noir-big.jpg","type":"image\/jpeg"}],"twitter_card":"summary_large_image","twitter_site":"@OriginalsBeach","twitter_misc":{"Est. reading time":"3 minutes"},"schema":{"@context":"https:\/\/schema.org","@graph":[{"@type":"WebPage","@id":"https:\/\/www.beach-originals.com\/en\/produit\/tong-slim-original-black-women\/","url":"https:\/\/www.beach-originals.com\/en\/produit\/tong-slim-original-black-women\/","name":"Beach Originals - Flip flops for women color black","isPartOf":{"@id":"https:\/\/www.beach-originals.com\/#website"},"primaryImageOfPage":{"@id":"https:\/\/www.beach-originals.com\/en\/produit\/tong-slim-original-black-women\/#primaryimage"},"image":{"@id":"https:\/\/www.beach-originals.com\/en\/produit\/tong-slim-original-black-women\/#primaryimage"},"thumbnailUrl":"https:\/\/www.beach-originals.com\/wp-content\/uploads\/2018\/05\/profil-femme-noir-big.jpg","datePublished":"2018-05-18T13:24:03+00:00","dateModified":"2025-12-29T11:42:29+00:00","description":"Shop the iconic Beach Originals flip flops for women color black Kalamata at our online store. Free shipping on 3 pairs","breadcrumb":{"@id":"https:\/\/www.beach-originals.com\/en\/produit\/tong-slim-original-black-women\/#breadcrumb"},"inLanguage":"en-US","potentialAction":[{"@type":"ReadAction","target":["https:\/\/www.beach-originals.com\/en\/produit\/tong-slim-original-black-women\/"]}]},{"@type":"ImageObject","inLanguage":"en-US","@id":"https:\/\/www.beach-originals.com\/en\/produit\/tong-slim-original-black-women\/#primaryimage","url":"https:\/\/www.beach-originals.com\/wp-content\/uploads\/2018\/05\/profil-femme-noir-big.jpg","contentUrl":"https:\/\/www.beach-originals.com\/wp-content\/uploads\/2018\/05\/profil-femme-noir-big.jpg","width":2000,"height":998,"caption":"Tong femme noir"},{"@type":"BreadcrumbList","@id":"https:\/\/www.beach-originals.com\/en\/produit\/tong-slim-original-black-women\/#breadcrumb","itemListElement":[{"@type":"ListItem","position":1,"name":"Home","item":"https:\/\/www.beach-originals.com\/en\/"},{"@type":"ListItem","position":2,"name":"Produits","item":"https:\/\/www.beach-originals.com\/shop\/"},{"@type":"ListItem","position":3,"name":"Kalamata"}]},{"@type":"WebSite","@id":"https:\/\/www.beach-originals.com\/#website","url":"https:\/\/www.beach-originals.com\/","name":"Beach Originals","description":"H\u00e9ritage des premi\u00e8res tongs en caoutchouc naturel apparues en Californie \u00e0 la fin des ann\u00e9es 50.","publisher":{"@id":"https:\/\/www.beach-originals.com\/#organization"},"potentialAction":[{"@type":"SearchAction","target":{"@type":"EntryPoint","urlTemplate":"https:\/\/www.beach-originals.com\/?s={search_term_string}"},"query-input":{"@type":"PropertyValueSpecification","valueRequired":true,"valueName":"search_term_string"}}],"inLanguage":"en-US"},{"@type":"Organization","@id":"https:\/\/www.beach-originals.com\/#organization","name":"BEACH ORIGINALS","url":"https:\/\/www.beach-originals.com\/","logo":{"@type":"ImageObject","inLanguage":"en-US","@id":"https:\/\/www.beach-originals.com\/#\/schema\/logo\/image\/","url":"https:\/\/www.beach-originals.com\/wp-content\/uploads\/2021\/01\/Logo-BO-transparent-version-2-Bateau-blanc-3.png","contentUrl":"https:\/\/www.beach-originals.com\/wp-content\/uploads\/2021\/01\/Logo-BO-transparent-version-2-Bateau-blanc-3.png","width":1800,"height":1350,"caption":"BEACH ORIGINALS"},"image":{"@id":"https:\/\/www.beach-originals.com\/#\/schema\/logo\/image\/"},"sameAs":["https:\/\/www.facebook.com\/beachoriginal\/","https:\/\/x.com\/OriginalsBeach","https:\/\/www.instagram.com\/beach.originals\/?hl=fr"]}]}},"_links":{"self":[{"href":"https:\/\/www.beach-originals.com\/en\/wp-json\/wp\/v2\/product\/1676","targetHints":{"allow":["GET"]}}],"collection":[{"href":"https:\/\/www.beach-originals.com\/en\/wp-json\/wp\/v2\/product"}],"about":[{"href":"https:\/\/www.beach-originals.com\/en\/wp-json\/wp\/v2\/types\/product"}],"replies":[{"embeddable":true,"href":"https:\/\/www.beach-originals.com\/en\/wp-json\/wp\/v2\/comments?post=1676"}],"wp:featuredmedia":[{"embeddable":true,"href":"https:\/\/www.beach-originals.com\/en\/wp-json\/wp\/v2\/media\/11418"}],"wp:attachment":[{"href":"https:\/\/www.beach-originals.com\/en\/wp-json\/wp\/v2\/media?parent=1676"}],"wp:term":[{"taxonomy":"product_brand","embeddable":true,"href":"https:\/\/www.beach-originals.com\/en\/wp-json\/wp\/v2\/product_brand?post=1676"},{"taxonomy":"product_cat","embeddable":true,"href":"https:\/\/www.beach-originals.com\/en\/wp-json\/wp\/v2\/product_cat?post=1676"},{"taxonomy":"product_tag","embeddable":true,"href":"https:\/\/www.beach-originals.com\/en\/wp-json\/wp\/v2\/product_tag?post=1676"}],"curies":[{"name":"wp","href":"https:\/\/api.w.org\/{rel}","templated":true}]}}