{"id":21427,"date":"2026-01-04T15:44:25","date_gmt":"2026-01-04T14:44:25","guid":{"rendered":"https:\/\/www.beach-originals.com\/produit\/tetiaroa-2\/"},"modified":"2026-01-08T19:41:12","modified_gmt":"2026-01-08T18:41:12","slug":"tetiaroa-2","status":"publish","type":"product","link":"https:\/\/www.beach-originals.com\/en\/produit\/tetiaroa-2\/","title":{"rendered":"Tetiaroa 2"},"content":{"rendered":"<div class=\"wpb-content-wrapper\"><p>[vc_row][vc_column width=&#8221;1\/2&#8243;][vc_tta_accordion shape=&#8221;round&#8221; color=&#8221;turquoise&#8221; active_section=&#8221;1&#8243;][vc_tta_section title=&#8221;FLATFORM SLIM flip flops by Beach Originals&#8221; tab_id=&#8221;description&#8221;][vc_column_text]Choosing a pair of flip flops may need more attention than you can imagine : it should be perfectly adjusted to your foot, with non-skid soles, stylish but discreet and above all comfortable.<\/p>\n<p>\u201cFlatform\u201d, the mid-high sole flip flop of Beach Originals<\/p>\n<p>Authentic re-edition of the first rubber flip flops created in California during the late 50\u2019s, the Beach Originals flip flops \u201dFlatform\u201d can be worn for any occasion : in the most trendy beach clubs of the world, in a Parisian afterwork and even in a select Summer party in Saint-Tropez or Los Angeles.<\/p>\n<p>This iconic and vintage model fits perfectly with your golden tanned feet from morning until late into the night for an original, chic and casual look. Gain height with your BO Flatform ![\/vc_column_text][\/vc_tta_section][vc_tta_section title=&#8221;Composition&#8221; tab_id=&#8221;composition&#8221;][vc_column_text]Sole : 60% RUBBER &#8211; 40% EVA<br \/>\nStrap : 100% PVC<\/p>\n<p>Mixed with durable rubber, EVA provides ultra lightweight, softness and perfect shock absorption for an optimal comfort.[\/vc_column_text][\/vc_tta_section][vc_tta_section title=&#8221;Sizes&#8221; tab_id=&#8221;taille&#8221;][vc_column_text css=&#8221;&#8221;]4 dual sizes available for female :<\/p>\n<p>35\/36 (230mm)<br \/>\n37\/38 (245mm)<br \/>\n39\/40 (255mm)<br \/>\n41\/42 (265mm)<\/p>\n<p>The Beach Originals flip flops should be worn properly \u201cadjusted\u201d : the foot should cover practically the whole surface of the sole for the utmost elegance and a better foothold.[\/vc_column_text][\/vc_tta_section][vc_tta_section title=&#8221;Design and colors details&#8221; tab_id=&#8221;design&#8221;][vc_column_text css=&#8221;&#8221;]11mm slim strap + slim flatform sole to enhance the foot aesthetics.<br \/>\nGreco-Roman \u201cwave\u201d pattern on strap and \u201cbrick\u201d on footbed : these vintage patterns are inspired by the first rubber flip flops dating 1958.<br \/>\nBeach Originals vintage logo discreetly appears on the strap in tone on tone.<br \/>\nFlatform &#8220;Reverso&#8221;sole 25mm in two-tone combination : chocolate \/off-white, another distinctive feature and identity mark of the brand.<br \/>\nA palette of 15 cheerful &amp; vintage colors for the straps (characteristic feature of the mythical 50-60\u2019s era) making it easy to mix and match with all your outfits.[\/vc_column_text][\/vc_tta_section][vc_tta_section title=&#8221;Useful tips&#8221; tab_id=&#8221;conseils&#8221;][vc_column_text]#1. Beach Originals, its more than just on the beach !<br \/>\nYou can wear your Beach Originals flip flops \u201cnight and day\u201d whatever your outfit : dress, pants, denim jean or shorts mixed with a blazer, a tank-top or a T-shirt.<br \/>\nNearly everything is permitted (excepted the socks !) for a casual, elegant and original look. A\u00a0summer state of mind !<\/p>\n<p>#2. Choose your usual size. However, the size EU 37\/38 runs small so we recommend buying the size up if your shoe size is 38.<\/p>\n<p>#3. Beach Originals flip flops are machine washable at 30\u00b0 without any loss in the initial\u00a0quality. They runs like new again, this is really awesome ![\/vc_column_text][\/vc_tta_section][\/vc_tta_accordion][\/vc_column][vc_column width=&#8221;1\/2&#8243;][vc_single_image image=&#8221;21010&#8243; img_size=&#8221;medium&#8221; alignment=&#8221;center&#8221; style=&#8221;vc_box_rounded&#8221; css_animation=&#8221;fadeInDownBig&#8221; css=&#8221;&#8221;][vc_column_text css_animation=&#8221;slideInRight&#8221; css=&#8221;&#8221;]<\/p>\n<h4 style=\"text-align: center;\"><strong>FLATFORM SLIM<\/strong><\/h4>\n<h5 style=\"text-align: center;\"><strong>FOR MORE COMFORT, HEIGHT AND STYLE !<\/strong><\/h5>\n<p>[\/vc_column_text][\/vc_column][\/vc_row][vc_row][vc_column][vc_cta h2=&#8221;&#8221; h4=&#8221;Buy 3 pairs and benefit from a free shipping !&#8221; txt_align=&#8221;center&#8221; style=&#8221;custom&#8221; css_animation=&#8221;zoomIn&#8221; css=&#8221;&#8221; custom_background=&#8221;#efefef&#8221; custom_text=&#8221;#eae1cb&#8221;]<\/p>\n<h6 style=\"text-align: center;\"><strong>FREE shipping for orders of 3 pairs in EU,CH and UK <\/strong><\/h6>\n<p>&nbsp;<\/p>\n<h6 style=\"text-align: center;\"><strong>FREE shipping for orders of 4 pairs in the REST OF THE WORLD\u00a0<\/strong><\/h6>\n<p>[\/vc_cta][vc_single_image image=&#8221;5858&#8243; img_size=&#8221;medium&#8221; alignment=&#8221;center&#8221; css_animation=&#8221;zoomIn&#8221; css=&#8221;&#8221;][\/vc_column][\/vc_row]<\/p>\n<\/div>","protected":false},"excerpt":{"rendered":"<h6>PRE-ORDER ONLY<\/h6>\n<pre><strong><em>DELIVERY END OF FEBRUARY 2026<\/em><\/strong><\/pre>\n<p>&nbsp;<\/p>\n<h6><strong>FREE SHIPPING FOR PURCHASE OF 3 PAIRS !<\/strong><\/h6>\n<h6>(EU\/UK\/CH orders only)<\/h6>\n<p>&nbsp;<\/p>\n<h3>WOMEN<\/h3>\n<h6>FLATFORM SLIM<\/h6>\n<p>REF. BOW-002<\/p>\n<p>COLOR 028 &#8211; TIARE REVERSO 2 <strong>(NEW)<\/strong><\/p>\n<p>SLIM STRAP Width 11mm<\/p>\n<p>FLATFORM SLIM SOLE Height 25mm\u00a0 \u00a0 \u00a0 \u00a0 \u00a0 (60% RUBBER &#8211; 40% EVA)<\/p>\n<p>Machine washable 30\u00b0<\/p>\n<h6><a href=\"https:\/\/www.beach-originals.com\/wp-content\/uploads\/2025\/11\/guide-taille-flatform-slim-v2-1.png\">Size guide<\/a><\/h6>\n","protected":false},"featured_media":20884,"comment_status":"closed","ping_status":"closed","template":"","meta":{"_acf_changed":false,"_themeisle_gutenberg_block_has_review":false},"product_brand":[424],"product_cat":[335,403,303,49,176],"product_tag":[429],"class_list":{"0":"post-21427","1":"product","2":"type-product","3":"status-publish","4":"has-post-thumbnail","6":"product_brand-beach-originals","7":"product_cat-flatform-w","8":"product_cat-reverso-en","9":"product_cat-vintage-colors","10":"product_cat-women","11":"product_cat-women-flip-flops","12":"product_tag-tiare-reverso-2","14":"first","15":"instock","16":"taxable","17":"shipping-taxable","18":"purchasable","19":"product-type-variable"},"acf":[],"yoast_head":"<!-- This site is optimized with the Yoast SEO plugin v27.2 - https:\/\/yoast.com\/product\/yoast-seo-wordpress\/ -->\n<title>Tetiaroa 2 - Beach Originals<\/title>\n<meta name=\"description\" content=\"Tong Femme Flatform Fleur de Tiar\u00e9 reverso. Iconique et vintage, Beach Originals accompagne vos pieds bronz\u00e9s tout l&#039;\u00e9t\u00e9. A porter \u00e0 la plage comme en ville...\" \/>\n<meta name=\"robots\" content=\"index, follow, max-snippet:-1, max-image-preview:large, max-video-preview:-1\" \/>\n<link rel=\"canonical\" href=\"https:\/\/www.beach-originals.com\/en\/produit\/tetiaroa-2\/\" \/>\n<meta property=\"og:locale\" content=\"en_US\" \/>\n<meta property=\"og:type\" content=\"article\" \/>\n<meta property=\"og:title\" content=\"Tetiaroa 2 - Beach Originals\" \/>\n<meta property=\"og:description\" content=\"Tong Femme Flatform Fleur de Tiar\u00e9 reverso. Iconique et vintage, Beach Originals accompagne vos pieds bronz\u00e9s tout l&#039;\u00e9t\u00e9. A porter \u00e0 la plage comme en ville...\" \/>\n<meta property=\"og:url\" content=\"https:\/\/www.beach-originals.com\/en\/produit\/tetiaroa-2\/\" \/>\n<meta property=\"og:site_name\" content=\"Beach Originals\" \/>\n<meta property=\"article:publisher\" content=\"https:\/\/www.facebook.com\/beachoriginal\/\" \/>\n<meta property=\"article:modified_time\" content=\"2026-01-08T18:41:12+00:00\" \/>\n<meta property=\"og:image\" content=\"https:\/\/www.beach-originals.com\/wp-content\/uploads\/2025\/10\/tiare-reverso-face-1.png\" \/>\n\t<meta property=\"og:image:width\" content=\"960\" \/>\n\t<meta property=\"og:image:height\" content=\"960\" \/>\n\t<meta property=\"og:image:type\" content=\"image\/png\" \/>\n<meta name=\"twitter:card\" content=\"summary_large_image\" \/>\n<meta name=\"twitter:site\" content=\"@OriginalsBeach\" \/>\n<meta name=\"twitter:label1\" content=\"Est. reading time\" \/>\n\t<meta name=\"twitter:data1\" content=\"4 minutes\" \/>\n<script type=\"application\/ld+json\" class=\"yoast-schema-graph\">{\"@context\":\"https:\/\/schema.org\",\"@graph\":[{\"@type\":\"WebPage\",\"@id\":\"https:\/\/www.beach-originals.com\/en\/produit\/tetiaroa-2\/\",\"url\":\"https:\/\/www.beach-originals.com\/en\/produit\/tetiaroa-2\/\",\"name\":\"Tetiaroa 2 - Beach Originals\",\"isPartOf\":{\"@id\":\"https:\/\/www.beach-originals.com\/#website\"},\"primaryImageOfPage\":{\"@id\":\"https:\/\/www.beach-originals.com\/en\/produit\/tetiaroa-2\/#primaryimage\"},\"image\":{\"@id\":\"https:\/\/www.beach-originals.com\/en\/produit\/tetiaroa-2\/#primaryimage\"},\"thumbnailUrl\":\"https:\/\/www.beach-originals.com\/wp-content\/uploads\/2025\/10\/tiare-reverso-face-1.png\",\"datePublished\":\"2026-01-04T14:44:25+00:00\",\"dateModified\":\"2026-01-08T18:41:12+00:00\",\"description\":\"Tong Femme Flatform Fleur de Tiar\u00e9 reverso. Iconique et vintage, Beach Originals accompagne vos pieds bronz\u00e9s tout l'\u00e9t\u00e9. A porter \u00e0 la plage comme en ville...\",\"breadcrumb\":{\"@id\":\"https:\/\/www.beach-originals.com\/en\/produit\/tetiaroa-2\/#breadcrumb\"},\"inLanguage\":\"en-US\",\"potentialAction\":[{\"@type\":\"ReadAction\",\"target\":[\"https:\/\/www.beach-originals.com\/en\/produit\/tetiaroa-2\/\"]}]},{\"@type\":\"ImageObject\",\"inLanguage\":\"en-US\",\"@id\":\"https:\/\/www.beach-originals.com\/en\/produit\/tetiaroa-2\/#primaryimage\",\"url\":\"https:\/\/www.beach-originals.com\/wp-content\/uploads\/2025\/10\/tiare-reverso-face-1.png\",\"contentUrl\":\"https:\/\/www.beach-originals.com\/wp-content\/uploads\/2025\/10\/tiare-reverso-face-1.png\",\"width\":960,\"height\":960},{\"@type\":\"BreadcrumbList\",\"@id\":\"https:\/\/www.beach-originals.com\/en\/produit\/tetiaroa-2\/#breadcrumb\",\"itemListElement\":[{\"@type\":\"ListItem\",\"position\":1,\"name\":\"Home\",\"item\":\"https:\/\/www.beach-originals.com\/en\/\"},{\"@type\":\"ListItem\",\"position\":2,\"name\":\"Produits\",\"item\":\"https:\/\/www.beach-originals.com\/shop\/\"},{\"@type\":\"ListItem\",\"position\":3,\"name\":\"Tetiaroa 2\"}]},{\"@type\":\"WebSite\",\"@id\":\"https:\/\/www.beach-originals.com\/#website\",\"url\":\"https:\/\/www.beach-originals.com\/\",\"name\":\"Beach Originals\",\"description\":\"H\u00e9ritage des premi\u00e8res tongs en caoutchouc naturel apparues en Californie \u00e0 la fin des ann\u00e9es 50.\",\"publisher\":{\"@id\":\"https:\/\/www.beach-originals.com\/#organization\"},\"potentialAction\":[{\"@type\":\"SearchAction\",\"target\":{\"@type\":\"EntryPoint\",\"urlTemplate\":\"https:\/\/www.beach-originals.com\/?s={search_term_string}\"},\"query-input\":{\"@type\":\"PropertyValueSpecification\",\"valueRequired\":true,\"valueName\":\"search_term_string\"}}],\"inLanguage\":\"en-US\"},{\"@type\":\"Organization\",\"@id\":\"https:\/\/www.beach-originals.com\/#organization\",\"name\":\"BEACH ORIGINALS\",\"url\":\"https:\/\/www.beach-originals.com\/\",\"logo\":{\"@type\":\"ImageObject\",\"inLanguage\":\"en-US\",\"@id\":\"https:\/\/www.beach-originals.com\/#\/schema\/logo\/image\/\",\"url\":\"https:\/\/www.beach-originals.com\/wp-content\/uploads\/2021\/01\/Logo-BO-transparent-version-2-Bateau-blanc-3.png\",\"contentUrl\":\"https:\/\/www.beach-originals.com\/wp-content\/uploads\/2021\/01\/Logo-BO-transparent-version-2-Bateau-blanc-3.png\",\"width\":1800,\"height\":1350,\"caption\":\"BEACH ORIGINALS\"},\"image\":{\"@id\":\"https:\/\/www.beach-originals.com\/#\/schema\/logo\/image\/\"},\"sameAs\":[\"https:\/\/www.facebook.com\/beachoriginal\/\",\"https:\/\/x.com\/OriginalsBeach\",\"https:\/\/www.instagram.com\/beach.originals\/?hl=fr\"]}]}<\/script>\n<!-- \/ Yoast SEO plugin. -->","yoast_head_json":{"title":"Tetiaroa 2 - Beach Originals","description":"Tong Femme Flatform Fleur de Tiar\u00e9 reverso. Iconique et vintage, Beach Originals accompagne vos pieds bronz\u00e9s tout l'\u00e9t\u00e9. A porter \u00e0 la plage comme en ville...","robots":{"index":"index","follow":"follow","max-snippet":"max-snippet:-1","max-image-preview":"max-image-preview:large","max-video-preview":"max-video-preview:-1"},"canonical":"https:\/\/www.beach-originals.com\/en\/produit\/tetiaroa-2\/","og_locale":"en_US","og_type":"article","og_title":"Tetiaroa 2 - Beach Originals","og_description":"Tong Femme Flatform Fleur de Tiar\u00e9 reverso. Iconique et vintage, Beach Originals accompagne vos pieds bronz\u00e9s tout l'\u00e9t\u00e9. A porter \u00e0 la plage comme en ville...","og_url":"https:\/\/www.beach-originals.com\/en\/produit\/tetiaroa-2\/","og_site_name":"Beach Originals","article_publisher":"https:\/\/www.facebook.com\/beachoriginal\/","article_modified_time":"2026-01-08T18:41:12+00:00","og_image":[{"width":960,"height":960,"url":"https:\/\/www.beach-originals.com\/wp-content\/uploads\/2025\/10\/tiare-reverso-face-1.png","type":"image\/png"}],"twitter_card":"summary_large_image","twitter_site":"@OriginalsBeach","twitter_misc":{"Est. reading time":"4 minutes"},"schema":{"@context":"https:\/\/schema.org","@graph":[{"@type":"WebPage","@id":"https:\/\/www.beach-originals.com\/en\/produit\/tetiaroa-2\/","url":"https:\/\/www.beach-originals.com\/en\/produit\/tetiaroa-2\/","name":"Tetiaroa 2 - Beach Originals","isPartOf":{"@id":"https:\/\/www.beach-originals.com\/#website"},"primaryImageOfPage":{"@id":"https:\/\/www.beach-originals.com\/en\/produit\/tetiaroa-2\/#primaryimage"},"image":{"@id":"https:\/\/www.beach-originals.com\/en\/produit\/tetiaroa-2\/#primaryimage"},"thumbnailUrl":"https:\/\/www.beach-originals.com\/wp-content\/uploads\/2025\/10\/tiare-reverso-face-1.png","datePublished":"2026-01-04T14:44:25+00:00","dateModified":"2026-01-08T18:41:12+00:00","description":"Tong Femme Flatform Fleur de Tiar\u00e9 reverso. Iconique et vintage, Beach Originals accompagne vos pieds bronz\u00e9s tout l'\u00e9t\u00e9. A porter \u00e0 la plage comme en ville...","breadcrumb":{"@id":"https:\/\/www.beach-originals.com\/en\/produit\/tetiaroa-2\/#breadcrumb"},"inLanguage":"en-US","potentialAction":[{"@type":"ReadAction","target":["https:\/\/www.beach-originals.com\/en\/produit\/tetiaroa-2\/"]}]},{"@type":"ImageObject","inLanguage":"en-US","@id":"https:\/\/www.beach-originals.com\/en\/produit\/tetiaroa-2\/#primaryimage","url":"https:\/\/www.beach-originals.com\/wp-content\/uploads\/2025\/10\/tiare-reverso-face-1.png","contentUrl":"https:\/\/www.beach-originals.com\/wp-content\/uploads\/2025\/10\/tiare-reverso-face-1.png","width":960,"height":960},{"@type":"BreadcrumbList","@id":"https:\/\/www.beach-originals.com\/en\/produit\/tetiaroa-2\/#breadcrumb","itemListElement":[{"@type":"ListItem","position":1,"name":"Home","item":"https:\/\/www.beach-originals.com\/en\/"},{"@type":"ListItem","position":2,"name":"Produits","item":"https:\/\/www.beach-originals.com\/shop\/"},{"@type":"ListItem","position":3,"name":"Tetiaroa 2"}]},{"@type":"WebSite","@id":"https:\/\/www.beach-originals.com\/#website","url":"https:\/\/www.beach-originals.com\/","name":"Beach Originals","description":"H\u00e9ritage des premi\u00e8res tongs en caoutchouc naturel apparues en Californie \u00e0 la fin des ann\u00e9es 50.","publisher":{"@id":"https:\/\/www.beach-originals.com\/#organization"},"potentialAction":[{"@type":"SearchAction","target":{"@type":"EntryPoint","urlTemplate":"https:\/\/www.beach-originals.com\/?s={search_term_string}"},"query-input":{"@type":"PropertyValueSpecification","valueRequired":true,"valueName":"search_term_string"}}],"inLanguage":"en-US"},{"@type":"Organization","@id":"https:\/\/www.beach-originals.com\/#organization","name":"BEACH ORIGINALS","url":"https:\/\/www.beach-originals.com\/","logo":{"@type":"ImageObject","inLanguage":"en-US","@id":"https:\/\/www.beach-originals.com\/#\/schema\/logo\/image\/","url":"https:\/\/www.beach-originals.com\/wp-content\/uploads\/2021\/01\/Logo-BO-transparent-version-2-Bateau-blanc-3.png","contentUrl":"https:\/\/www.beach-originals.com\/wp-content\/uploads\/2021\/01\/Logo-BO-transparent-version-2-Bateau-blanc-3.png","width":1800,"height":1350,"caption":"BEACH ORIGINALS"},"image":{"@id":"https:\/\/www.beach-originals.com\/#\/schema\/logo\/image\/"},"sameAs":["https:\/\/www.facebook.com\/beachoriginal\/","https:\/\/x.com\/OriginalsBeach","https:\/\/www.instagram.com\/beach.originals\/?hl=fr"]}]}},"_links":{"self":[{"href":"https:\/\/www.beach-originals.com\/en\/wp-json\/wp\/v2\/product\/21427","targetHints":{"allow":["GET"]}}],"collection":[{"href":"https:\/\/www.beach-originals.com\/en\/wp-json\/wp\/v2\/product"}],"about":[{"href":"https:\/\/www.beach-originals.com\/en\/wp-json\/wp\/v2\/types\/product"}],"replies":[{"embeddable":true,"href":"https:\/\/www.beach-originals.com\/en\/wp-json\/wp\/v2\/comments?post=21427"}],"wp:featuredmedia":[{"embeddable":true,"href":"https:\/\/www.beach-originals.com\/en\/wp-json\/wp\/v2\/media\/20884"}],"wp:attachment":[{"href":"https:\/\/www.beach-originals.com\/en\/wp-json\/wp\/v2\/media?parent=21427"}],"wp:term":[{"taxonomy":"product_brand","embeddable":true,"href":"https:\/\/www.beach-originals.com\/en\/wp-json\/wp\/v2\/product_brand?post=21427"},{"taxonomy":"product_cat","embeddable":true,"href":"https:\/\/www.beach-originals.com\/en\/wp-json\/wp\/v2\/product_cat?post=21427"},{"taxonomy":"product_tag","embeddable":true,"href":"https:\/\/www.beach-originals.com\/en\/wp-json\/wp\/v2\/product_tag?post=21427"}],"curies":[{"name":"wp","href":"https:\/\/api.w.org\/{rel}","templated":true}]}}