{"id":9818,"date":"2022-06-02T16:00:04","date_gmt":"2022-06-02T14:00:04","guid":{"rendered":"https:\/\/www.beach-originals.com\/?post_type=product&#038;p=9818"},"modified":"2025-12-30T16:41:20","modified_gmt":"2025-12-30T15:41:20","slug":"t-shirt-santa-monica-gris-unisex","status":"publish","type":"product","link":"https:\/\/www.beach-originals.com\/en\/produit\/t-shirt-santa-monica-gris-unisex\/","title":{"rendered":"Santa Monica"},"content":{"rendered":"<div class=\"wpb-content-wrapper\"><p>[vc_row][vc_column width=&#8221;1\/2&#8243;][vc_tta_accordion color=&#8221;turquoise&#8221; active_section=&#8221;1&#8243;][vc_tta_section title=&#8221;Iconic T-Shirt 150 by Beach Originals&#8221; tab_id=&#8221;description7909-e884&#8243;][vc_column_text]Choosing a good T-Shirt may need more attention than you can imagine: it should be perfectly adjusted to your body, light and comfortable but stylish and discreet.<\/p>\n<p><strong>BOT150, the emblematic &amp; iconic T-Shirt of Beach Originals<\/strong><\/p>\n<p>Made in 100% organic ring-spun combed cotton, the Beach Originals T-Shirt can be worn for any occasion: in the most trendy beach clubs of Saint-Tropez or Los Angeles as in the wildest &amp; deserted beach of the world.<\/p>\n<p>This iconic T-Shirt fits perfectly with your golden tanned body for an original, chic and sporty look. Be different ![\/vc_column_text][\/vc_tta_section][vc_tta_section title=&#8221;Composition&#8221; tab_id=&#8221;composition7909-e884&#8243;][vc_column_text]100% organic ring-spun combed cotton<\/p>\n<p>Fabric washed, 150g\/m2[\/vc_column_text][\/vc_tta_section][vc_tta_section title=&#8221;Sizes&#8221; tab_id=&#8221;taille7909-e884&#8243;][vc_column_text]4 sizes (A=Half Chest, B=Body Length, C=Sleeve Length)<\/p>\n<div class=\"vc_tta-panel-body\">\n<div class=\"wpb_text_column wpb_content_element \">\n<div class=\"wpb_wrapper\">\n<p>S :\u00a0 \u00a0 A 50cm \/ B 69cm \/ C 20cm<\/p>\n<p>M :\u00a0 \u00a0A 53cm \/ B 72cm \/ C 21cm<\/p>\n<p>L :\u00a0 \u00a0 A 56cm \/ B 74cm \/ C 22cm<\/p>\n<p>XL : A 59cm \/ B 76cm \/ C 22cm<\/p>\n<\/div>\n<\/div>\n<\/div>\n<p>The Beach Originals T-Shirt 150 should be worn properly \u201cadjusted\u201d for the utmost elegance and a better comfort.[\/vc_column_text][\/vc_tta_section][vc_tta_section title=&#8221;Design and colors details&#8221; tab_id=&#8221;design7909-e884&#8243;][vc_column_text]Regular fit to enhance the body aesthetics.<\/p>\n<p>Set-in sleeve.<\/p>\n<p>1&#215;1 rib at neck collar.<\/p>\n<p>Inside back neck tape in self fabric.<\/p>\n<p>Sleeve hem and bottom hem with wide double needle topstitch.<\/p>\n<p>Beach Originals vintage logo appears on the front of the T-shirt.<\/p>\n<p>The T-Shirt 150 is invariably available in 2 solid colors and 6 different colors of print to mix and match with all your outfits.<\/p>\n<p>Distinctive vintage style and cheerful colors to add a special flavor to your Summer ![\/vc_column_text][\/vc_tta_section][vc_tta_section title=&#8221;Useful tips&#8221; tab_id=&#8221;conseils7909-e884&#8243;][vc_column_text]#1. The Beach Originals T-Shirt 150, its more than just a T-Shirt !<br \/>\nYou can match your Beach Originals T-Shirt with the Beach Originals flip flops and\/or surf trunks available in the same colorways !<br \/>\nStop with the T-Shirt of the man in the street (beach !) for a casual, elegant and original look. A Summer state of mind !<\/p>\n<p>#2. Choose the most adjusted size as possible for the aesthetic.<\/p>\n<p>#3. Bleaching, washing, cleaning, drying, ironing.[\/vc_column_text][\/vc_tta_section][\/vc_tta_accordion][\/vc_column][vc_column width=&#8221;1\/2&#8243;][vc_single_image image=&#8221;9261&#8243; img_size=&#8221;large&#8221; alignment=&#8221;center&#8221; css_animation=&#8221;fadeInDownBig&#8221;][\/vc_column][\/vc_row][vc_row][vc_column][vc_cta h2=&#8221;BUY ONE T-SHIRT + TWO PAIRS OF FLIP FLOPS AND BENEFIT FROM A FREE SHIPPING&#8221; txt_align=&#8221;center&#8221; style=&#8221;custom&#8221; css_animation=&#8221;zoomIn&#8221; css=&#8221;&#8221; custom_text=&#8221;#f38e30&#8243;]<em>For orders in EU, CH and UK only\u00a0<\/em>[\/vc_cta][vc_single_image image=&#8221;11625&#8243; img_size=&#8221;medium&#8221; alignment=&#8221;center&#8221; css_animation=&#8221;zoomIn&#8221;][vc_single_image image=&#8221;5858&#8243; img_size=&#8221;large&#8221; alignment=&#8221;center&#8221; css_animation=&#8221;fadeInUp&#8221;][\/vc_column][\/vc_row]<\/p>\n<\/div>","protected":false},"excerpt":{"rendered":"<h6><strong>FREE SHIPPING\u00a0<\/strong><\/h6>\n<h6><b>for purchase of 1 T-shirt + 2 pairs of flip flops\u00a0 \u00a0 \u00a0 \u00a0 <\/b><b>(EU\/UK\/CH orders only)<\/b><\/h6>\n<p>&nbsp;<\/p>\n<h3><strong>UNISEX<\/strong><\/h3>\n<h6>HERITAGE T150<\/h6>\n<p>REF. BOT150-001<\/p>\n<p>COLOR 019G- GREY\/CALIFORNIA ORANGE<\/p>\n<p>100% Organic Ring-Spun Combed Cotton\u00a0 \u00a0 150 G\/m2<\/p>\n<p>Regular Fit<\/p>\n<h6><a href=\"https:\/\/www.beach-originals.com\/wp-content\/uploads\/2023\/01\/Capture-decran-2023-01-11-a-13.41.48-1.png\">Size guide<\/a><\/h6>\n","protected":false},"featured_media":9241,"comment_status":"closed","ping_status":"closed","template":"","meta":{"_acf_changed":false,"_themeisle_gutenberg_block_has_review":false},"product_brand":[424],"product_cat":[75,229,316,49],"product_tag":[241],"class_list":{"0":"post-9818","1":"product","2":"type-product","3":"status-publish","4":"has-post-thumbnail","6":"product_brand-beach-originals","7":"product_cat-men","8":"product_cat-t-shirts-unisex-accessories","9":"product_cat-unisex-accessories","10":"product_cat-women","11":"product_tag-grey-california-orange","13":"first","14":"instock","15":"taxable","16":"shipping-taxable","17":"purchasable","18":"product-type-variable"},"acf":[],"yoast_head":"<!-- This site is optimized with the Yoast SEO plugin v27.2 - https:\/\/yoast.com\/product\/yoast-seo-wordpress\/ -->\n<title>Santa Monica - Beach Originals T-Shirt color california orange<\/title>\n<meta name=\"description\" content=\"Shop the iconic Beach Originals T-Shirt color california orange at our online store.\" \/>\n<meta name=\"robots\" content=\"index, follow, max-snippet:-1, max-image-preview:large, max-video-preview:-1\" \/>\n<link rel=\"canonical\" href=\"https:\/\/www.beach-originals.com\/en\/produit\/t-shirt-santa-monica-gris-unisex\/\" \/>\n<meta property=\"og:locale\" content=\"en_US\" \/>\n<meta property=\"og:type\" content=\"article\" \/>\n<meta property=\"og:title\" content=\"Santa Monica - Beach Originals T-Shirt color california orange\" \/>\n<meta property=\"og:description\" content=\"Shop the iconic Beach Originals T-Shirt color california orange at our online store.\" \/>\n<meta property=\"og:url\" content=\"https:\/\/www.beach-originals.com\/en\/produit\/t-shirt-santa-monica-gris-unisex\/\" \/>\n<meta property=\"og:site_name\" content=\"Beach Originals\" \/>\n<meta property=\"article:publisher\" content=\"https:\/\/www.facebook.com\/beachoriginal\/\" \/>\n<meta property=\"article:modified_time\" content=\"2025-12-30T15:41:20+00:00\" \/>\n<meta property=\"og:image\" content=\"https:\/\/www.beach-originals.com\/wp-content\/uploads\/2022\/03\/Diapositive15.jpg\" \/>\n\t<meta property=\"og:image:width\" content=\"720\" \/>\n\t<meta property=\"og:image:height\" content=\"540\" \/>\n\t<meta property=\"og:image:type\" content=\"image\/jpeg\" \/>\n<meta name=\"twitter:card\" content=\"summary_large_image\" \/>\n<meta name=\"twitter:site\" content=\"@OriginalsBeach\" \/>\n<meta name=\"twitter:label1\" content=\"Est. reading time\" \/>\n\t<meta name=\"twitter:data1\" content=\"3 minutes\" \/>\n<script type=\"application\/ld+json\" class=\"yoast-schema-graph\">{\"@context\":\"https:\/\/schema.org\",\"@graph\":[{\"@type\":\"WebPage\",\"@id\":\"https:\/\/www.beach-originals.com\/en\/produit\/t-shirt-santa-monica-gris-unisex\/\",\"url\":\"https:\/\/www.beach-originals.com\/en\/produit\/t-shirt-santa-monica-gris-unisex\/\",\"name\":\"Santa Monica - Beach Originals T-Shirt color california orange\",\"isPartOf\":{\"@id\":\"https:\/\/www.beach-originals.com\/#website\"},\"primaryImageOfPage\":{\"@id\":\"https:\/\/www.beach-originals.com\/en\/produit\/t-shirt-santa-monica-gris-unisex\/#primaryimage\"},\"image\":{\"@id\":\"https:\/\/www.beach-originals.com\/en\/produit\/t-shirt-santa-monica-gris-unisex\/#primaryimage\"},\"thumbnailUrl\":\"https:\/\/www.beach-originals.com\/wp-content\/uploads\/2022\/03\/Diapositive15.jpg\",\"datePublished\":\"2022-06-02T14:00:04+00:00\",\"dateModified\":\"2025-12-30T15:41:20+00:00\",\"description\":\"Shop the iconic Beach Originals T-Shirt color california orange at our online store.\",\"breadcrumb\":{\"@id\":\"https:\/\/www.beach-originals.com\/en\/produit\/t-shirt-santa-monica-gris-unisex\/#breadcrumb\"},\"inLanguage\":\"en-US\",\"potentialAction\":[{\"@type\":\"ReadAction\",\"target\":[\"https:\/\/www.beach-originals.com\/en\/produit\/t-shirt-santa-monica-gris-unisex\/\"]}]},{\"@type\":\"ImageObject\",\"inLanguage\":\"en-US\",\"@id\":\"https:\/\/www.beach-originals.com\/en\/produit\/t-shirt-santa-monica-gris-unisex\/#primaryimage\",\"url\":\"https:\/\/www.beach-originals.com\/wp-content\/uploads\/2022\/03\/Diapositive15.jpg\",\"contentUrl\":\"https:\/\/www.beach-originals.com\/wp-content\/uploads\/2022\/03\/Diapositive15.jpg\",\"width\":720,\"height\":540,\"caption\":\"Tshirt gris motif orange\"},{\"@type\":\"BreadcrumbList\",\"@id\":\"https:\/\/www.beach-originals.com\/en\/produit\/t-shirt-santa-monica-gris-unisex\/#breadcrumb\",\"itemListElement\":[{\"@type\":\"ListItem\",\"position\":1,\"name\":\"Home\",\"item\":\"https:\/\/www.beach-originals.com\/en\/\"},{\"@type\":\"ListItem\",\"position\":2,\"name\":\"Produits\",\"item\":\"https:\/\/www.beach-originals.com\/shop\/\"},{\"@type\":\"ListItem\",\"position\":3,\"name\":\"Santa Monica\"}]},{\"@type\":\"WebSite\",\"@id\":\"https:\/\/www.beach-originals.com\/#website\",\"url\":\"https:\/\/www.beach-originals.com\/\",\"name\":\"Beach Originals\",\"description\":\"H\u00e9ritage des premi\u00e8res tongs en caoutchouc naturel apparues en Californie \u00e0 la fin des ann\u00e9es 50.\",\"publisher\":{\"@id\":\"https:\/\/www.beach-originals.com\/#organization\"},\"potentialAction\":[{\"@type\":\"SearchAction\",\"target\":{\"@type\":\"EntryPoint\",\"urlTemplate\":\"https:\/\/www.beach-originals.com\/?s={search_term_string}\"},\"query-input\":{\"@type\":\"PropertyValueSpecification\",\"valueRequired\":true,\"valueName\":\"search_term_string\"}}],\"inLanguage\":\"en-US\"},{\"@type\":\"Organization\",\"@id\":\"https:\/\/www.beach-originals.com\/#organization\",\"name\":\"BEACH ORIGINALS\",\"url\":\"https:\/\/www.beach-originals.com\/\",\"logo\":{\"@type\":\"ImageObject\",\"inLanguage\":\"en-US\",\"@id\":\"https:\/\/www.beach-originals.com\/#\/schema\/logo\/image\/\",\"url\":\"https:\/\/www.beach-originals.com\/wp-content\/uploads\/2021\/01\/Logo-BO-transparent-version-2-Bateau-blanc-3.png\",\"contentUrl\":\"https:\/\/www.beach-originals.com\/wp-content\/uploads\/2021\/01\/Logo-BO-transparent-version-2-Bateau-blanc-3.png\",\"width\":1800,\"height\":1350,\"caption\":\"BEACH ORIGINALS\"},\"image\":{\"@id\":\"https:\/\/www.beach-originals.com\/#\/schema\/logo\/image\/\"},\"sameAs\":[\"https:\/\/www.facebook.com\/beachoriginal\/\",\"https:\/\/x.com\/OriginalsBeach\",\"https:\/\/www.instagram.com\/beach.originals\/?hl=fr\"]}]}<\/script>\n<!-- \/ Yoast SEO plugin. -->","yoast_head_json":{"title":"Santa Monica - Beach Originals T-Shirt color california orange","description":"Shop the iconic Beach Originals T-Shirt color california orange at our online store.","robots":{"index":"index","follow":"follow","max-snippet":"max-snippet:-1","max-image-preview":"max-image-preview:large","max-video-preview":"max-video-preview:-1"},"canonical":"https:\/\/www.beach-originals.com\/en\/produit\/t-shirt-santa-monica-gris-unisex\/","og_locale":"en_US","og_type":"article","og_title":"Santa Monica - Beach Originals T-Shirt color california orange","og_description":"Shop the iconic Beach Originals T-Shirt color california orange at our online store.","og_url":"https:\/\/www.beach-originals.com\/en\/produit\/t-shirt-santa-monica-gris-unisex\/","og_site_name":"Beach Originals","article_publisher":"https:\/\/www.facebook.com\/beachoriginal\/","article_modified_time":"2025-12-30T15:41:20+00:00","og_image":[{"width":720,"height":540,"url":"https:\/\/www.beach-originals.com\/wp-content\/uploads\/2022\/03\/Diapositive15.jpg","type":"image\/jpeg"}],"twitter_card":"summary_large_image","twitter_site":"@OriginalsBeach","twitter_misc":{"Est. reading time":"3 minutes"},"schema":{"@context":"https:\/\/schema.org","@graph":[{"@type":"WebPage","@id":"https:\/\/www.beach-originals.com\/en\/produit\/t-shirt-santa-monica-gris-unisex\/","url":"https:\/\/www.beach-originals.com\/en\/produit\/t-shirt-santa-monica-gris-unisex\/","name":"Santa Monica - Beach Originals T-Shirt color california orange","isPartOf":{"@id":"https:\/\/www.beach-originals.com\/#website"},"primaryImageOfPage":{"@id":"https:\/\/www.beach-originals.com\/en\/produit\/t-shirt-santa-monica-gris-unisex\/#primaryimage"},"image":{"@id":"https:\/\/www.beach-originals.com\/en\/produit\/t-shirt-santa-monica-gris-unisex\/#primaryimage"},"thumbnailUrl":"https:\/\/www.beach-originals.com\/wp-content\/uploads\/2022\/03\/Diapositive15.jpg","datePublished":"2022-06-02T14:00:04+00:00","dateModified":"2025-12-30T15:41:20+00:00","description":"Shop the iconic Beach Originals T-Shirt color california orange at our online store.","breadcrumb":{"@id":"https:\/\/www.beach-originals.com\/en\/produit\/t-shirt-santa-monica-gris-unisex\/#breadcrumb"},"inLanguage":"en-US","potentialAction":[{"@type":"ReadAction","target":["https:\/\/www.beach-originals.com\/en\/produit\/t-shirt-santa-monica-gris-unisex\/"]}]},{"@type":"ImageObject","inLanguage":"en-US","@id":"https:\/\/www.beach-originals.com\/en\/produit\/t-shirt-santa-monica-gris-unisex\/#primaryimage","url":"https:\/\/www.beach-originals.com\/wp-content\/uploads\/2022\/03\/Diapositive15.jpg","contentUrl":"https:\/\/www.beach-originals.com\/wp-content\/uploads\/2022\/03\/Diapositive15.jpg","width":720,"height":540,"caption":"Tshirt gris motif orange"},{"@type":"BreadcrumbList","@id":"https:\/\/www.beach-originals.com\/en\/produit\/t-shirt-santa-monica-gris-unisex\/#breadcrumb","itemListElement":[{"@type":"ListItem","position":1,"name":"Home","item":"https:\/\/www.beach-originals.com\/en\/"},{"@type":"ListItem","position":2,"name":"Produits","item":"https:\/\/www.beach-originals.com\/shop\/"},{"@type":"ListItem","position":3,"name":"Santa Monica"}]},{"@type":"WebSite","@id":"https:\/\/www.beach-originals.com\/#website","url":"https:\/\/www.beach-originals.com\/","name":"Beach Originals","description":"H\u00e9ritage des premi\u00e8res tongs en caoutchouc naturel apparues en Californie \u00e0 la fin des ann\u00e9es 50.","publisher":{"@id":"https:\/\/www.beach-originals.com\/#organization"},"potentialAction":[{"@type":"SearchAction","target":{"@type":"EntryPoint","urlTemplate":"https:\/\/www.beach-originals.com\/?s={search_term_string}"},"query-input":{"@type":"PropertyValueSpecification","valueRequired":true,"valueName":"search_term_string"}}],"inLanguage":"en-US"},{"@type":"Organization","@id":"https:\/\/www.beach-originals.com\/#organization","name":"BEACH ORIGINALS","url":"https:\/\/www.beach-originals.com\/","logo":{"@type":"ImageObject","inLanguage":"en-US","@id":"https:\/\/www.beach-originals.com\/#\/schema\/logo\/image\/","url":"https:\/\/www.beach-originals.com\/wp-content\/uploads\/2021\/01\/Logo-BO-transparent-version-2-Bateau-blanc-3.png","contentUrl":"https:\/\/www.beach-originals.com\/wp-content\/uploads\/2021\/01\/Logo-BO-transparent-version-2-Bateau-blanc-3.png","width":1800,"height":1350,"caption":"BEACH ORIGINALS"},"image":{"@id":"https:\/\/www.beach-originals.com\/#\/schema\/logo\/image\/"},"sameAs":["https:\/\/www.facebook.com\/beachoriginal\/","https:\/\/x.com\/OriginalsBeach","https:\/\/www.instagram.com\/beach.originals\/?hl=fr"]}]}},"_links":{"self":[{"href":"https:\/\/www.beach-originals.com\/en\/wp-json\/wp\/v2\/product\/9818","targetHints":{"allow":["GET"]}}],"collection":[{"href":"https:\/\/www.beach-originals.com\/en\/wp-json\/wp\/v2\/product"}],"about":[{"href":"https:\/\/www.beach-originals.com\/en\/wp-json\/wp\/v2\/types\/product"}],"replies":[{"embeddable":true,"href":"https:\/\/www.beach-originals.com\/en\/wp-json\/wp\/v2\/comments?post=9818"}],"wp:featuredmedia":[{"embeddable":true,"href":"https:\/\/www.beach-originals.com\/en\/wp-json\/wp\/v2\/media\/9241"}],"wp:attachment":[{"href":"https:\/\/www.beach-originals.com\/en\/wp-json\/wp\/v2\/media?parent=9818"}],"wp:term":[{"taxonomy":"product_brand","embeddable":true,"href":"https:\/\/www.beach-originals.com\/en\/wp-json\/wp\/v2\/product_brand?post=9818"},{"taxonomy":"product_cat","embeddable":true,"href":"https:\/\/www.beach-originals.com\/en\/wp-json\/wp\/v2\/product_cat?post=9818"},{"taxonomy":"product_tag","embeddable":true,"href":"https:\/\/www.beach-originals.com\/en\/wp-json\/wp\/v2\/product_tag?post=9818"}],"curies":[{"name":"wp","href":"https:\/\/api.w.org\/{rel}","templated":true}]}}